{"id":1837,"date":"2023-02-21T11:54:05","date_gmt":"2023-02-21T10:54:05","guid":{"rendered":"https:\/\/www.mcmtaps.it\/fr\/prodotti\/ric019660005xxx\/"},"modified":"2023-04-18T16:38:14","modified_gmt":"2023-04-18T14:38:14","slug":"ric019660005xxx","status":"publish","type":"product","link":"https:\/\/www.mcmtaps.it\/fr\/prodotti\/ric019660005xxx\/","title":{"rendered":"RIC019660005XXX"},"content":{"rendered":"","protected":false},"excerpt":{"rendered":"","protected":false},"featured_media":1838,"comment_status":"closed","ping_status":"closed","template":"","meta":{"_acf_changed":false},"product_brand":[],"product_cat":[84],"product_tag":[],"certificazioninew":[],"installazione":[],"finiture":[],"applicazioni":[],"class_list":{"0":"post-1837","1":"product","2":"type-product","3":"status-publish","4":"has-post-thumbnail","6":"product_cat-miscellanea-others","8":"first","9":"instock","10":"product-type-simple"},"acf":[],"yoast_head":"<!-- This site is optimized with the Yoast SEO plugin v27.2 - https:\/\/yoast.com\/product\/yoast-seo-wordpress\/ -->\n<title>RIC019660005XXX - MCM Rubinetterie | FR<\/title>\n<meta name=\"description\" content=\"Valve anti-retour dn15 \u00e9quip\u00e9 d\u2019un limitateur de d\u00e9bit int\u00e9gr\u00e9 de 6 LT\/min\" \/>\n<meta name=\"robots\" content=\"noindex, follow, max-snippet:-1, max-image-preview:large, max-video-preview:-1\" \/>\n<meta property=\"og:locale\" content=\"fr_FR\" \/>\n<meta property=\"og:type\" content=\"article\" \/>\n<meta property=\"og:title\" content=\"RIC019660005XXX - MCM Rubinetterie | FR\" \/>\n<meta property=\"og:description\" content=\"Valve anti-retour dn15 \u00e9quip\u00e9 d\u2019un limitateur de d\u00e9bit int\u00e9gr\u00e9 de 6 LT\/min\" \/>\n<meta property=\"og:url\" content=\"https:\/\/www.mcmtaps.it\/fr\/prodotti\/ric019660005xxx\/\" \/>\n<meta property=\"og:site_name\" content=\"MCM Rubinetterie | FR\" \/>\n<meta property=\"article:modified_time\" content=\"2023-04-18T14:38:14+00:00\" \/>\n<meta property=\"og:image\" content=\"https:\/\/www.mcmtaps.it\/fr\/wp-content\/uploads\/sites\/7\/RIC019660005XXX.jpg\" \/>\n\t<meta property=\"og:image:width\" content=\"580\" \/>\n\t<meta property=\"og:image:height\" content=\"373\" \/>\n\t<meta property=\"og:image:type\" content=\"image\/jpeg\" \/>\n<meta name=\"twitter:card\" content=\"summary_large_image\" \/>\n<script type=\"application\/ld+json\" class=\"yoast-schema-graph\">{\"@context\":\"https:\/\/schema.org\",\"@graph\":[{\"@type\":\"WebPage\",\"@id\":\"https:\/\/www.mcmtaps.it\/fr\/prodotti\/ric019660005xxx\/\",\"url\":\"https:\/\/www.mcmtaps.it\/fr\/prodotti\/ric019660005xxx\/\",\"name\":\"RIC019660005XXX - MCM Rubinetterie | FR\",\"isPartOf\":{\"@id\":\"https:\/\/www.mcmtaps.it\/fr\/#website\"},\"primaryImageOfPage\":{\"@id\":\"https:\/\/www.mcmtaps.it\/fr\/prodotti\/ric019660005xxx\/#primaryimage\"},\"image\":{\"@id\":\"https:\/\/www.mcmtaps.it\/fr\/prodotti\/ric019660005xxx\/#primaryimage\"},\"thumbnailUrl\":\"https:\/\/www.mcmtaps.it\/fr\/wp-content\/uploads\/sites\/7\/RIC019660005XXX.jpg\",\"datePublished\":\"2023-02-21T10:54:05+00:00\",\"dateModified\":\"2023-04-18T14:38:14+00:00\",\"description\":\"Valve anti-retour dn15 \u00e9quip\u00e9 d\u2019un limitateur de d\u00e9bit int\u00e9gr\u00e9 de 6 LT\/min\",\"breadcrumb\":{\"@id\":\"https:\/\/www.mcmtaps.it\/fr\/prodotti\/ric019660005xxx\/#breadcrumb\"},\"inLanguage\":\"fr-FR\",\"potentialAction\":[{\"@type\":\"ReadAction\",\"target\":[\"https:\/\/www.mcmtaps.it\/fr\/prodotti\/ric019660005xxx\/\"]}]},{\"@type\":\"ImageObject\",\"inLanguage\":\"fr-FR\",\"@id\":\"https:\/\/www.mcmtaps.it\/fr\/prodotti\/ric019660005xxx\/#primaryimage\",\"url\":\"https:\/\/www.mcmtaps.it\/fr\/wp-content\/uploads\/sites\/7\/RIC019660005XXX.jpg\",\"contentUrl\":\"https:\/\/www.mcmtaps.it\/fr\/wp-content\/uploads\/sites\/7\/RIC019660005XXX.jpg\",\"width\":580,\"height\":373},{\"@type\":\"BreadcrumbList\",\"@id\":\"https:\/\/www.mcmtaps.it\/fr\/prodotti\/ric019660005xxx\/#breadcrumb\",\"itemListElement\":[{\"@type\":\"ListItem\",\"position\":1,\"name\":\"Home\",\"item\":\"https:\/\/www.mcmtaps.it\/fr\/\"},{\"@type\":\"ListItem\",\"position\":2,\"name\":\"Produits\",\"item\":\"https:\/\/www.mcmtaps.it\/fr\/prodotti\/\"},{\"@type\":\"ListItem\",\"position\":3,\"name\":\"Miscellan\u00e9e\",\"item\":\"https:\/\/www.mcmtaps.it\/fr\/categoria-prodotto\/miscellanea-others\/\"},{\"@type\":\"ListItem\",\"position\":4,\"name\":\"RIC019660005XXX\"}]},{\"@type\":\"WebSite\",\"@id\":\"https:\/\/www.mcmtaps.it\/fr\/#website\",\"url\":\"https:\/\/www.mcmtaps.it\/fr\/\",\"name\":\"MCM Rubinetterie | FR\",\"description\":\"\",\"potentialAction\":[{\"@type\":\"SearchAction\",\"target\":{\"@type\":\"EntryPoint\",\"urlTemplate\":\"https:\/\/www.mcmtaps.it\/fr\/?s={search_term_string}\"},\"query-input\":{\"@type\":\"PropertyValueSpecification\",\"valueRequired\":true,\"valueName\":\"search_term_string\"}}],\"inLanguage\":\"fr-FR\"}]}<\/script>\n<!-- \/ Yoast SEO plugin. -->","yoast_head_json":{"title":"RIC019660005XXX - MCM Rubinetterie | FR","description":"Valve anti-retour dn15 \u00e9quip\u00e9 d\u2019un limitateur de d\u00e9bit int\u00e9gr\u00e9 de 6 LT\/min","robots":{"index":"noindex","follow":"follow","max-snippet":"max-snippet:-1","max-image-preview":"max-image-preview:large","max-video-preview":"max-video-preview:-1"},"og_locale":"fr_FR","og_type":"article","og_title":"RIC019660005XXX - MCM Rubinetterie | FR","og_description":"Valve anti-retour dn15 \u00e9quip\u00e9 d\u2019un limitateur de d\u00e9bit int\u00e9gr\u00e9 de 6 LT\/min","og_url":"https:\/\/www.mcmtaps.it\/fr\/prodotti\/ric019660005xxx\/","og_site_name":"MCM Rubinetterie | FR","article_modified_time":"2023-04-18T14:38:14+00:00","og_image":[{"width":580,"height":373,"url":"https:\/\/www.mcmtaps.it\/fr\/wp-content\/uploads\/sites\/7\/RIC019660005XXX.jpg","type":"image\/jpeg"}],"twitter_card":"summary_large_image","schema":{"@context":"https:\/\/schema.org","@graph":[{"@type":"WebPage","@id":"https:\/\/www.mcmtaps.it\/fr\/prodotti\/ric019660005xxx\/","url":"https:\/\/www.mcmtaps.it\/fr\/prodotti\/ric019660005xxx\/","name":"RIC019660005XXX - MCM Rubinetterie | FR","isPartOf":{"@id":"https:\/\/www.mcmtaps.it\/fr\/#website"},"primaryImageOfPage":{"@id":"https:\/\/www.mcmtaps.it\/fr\/prodotti\/ric019660005xxx\/#primaryimage"},"image":{"@id":"https:\/\/www.mcmtaps.it\/fr\/prodotti\/ric019660005xxx\/#primaryimage"},"thumbnailUrl":"https:\/\/www.mcmtaps.it\/fr\/wp-content\/uploads\/sites\/7\/RIC019660005XXX.jpg","datePublished":"2023-02-21T10:54:05+00:00","dateModified":"2023-04-18T14:38:14+00:00","description":"Valve anti-retour dn15 \u00e9quip\u00e9 d\u2019un limitateur de d\u00e9bit int\u00e9gr\u00e9 de 6 LT\/min","breadcrumb":{"@id":"https:\/\/www.mcmtaps.it\/fr\/prodotti\/ric019660005xxx\/#breadcrumb"},"inLanguage":"fr-FR","potentialAction":[{"@type":"ReadAction","target":["https:\/\/www.mcmtaps.it\/fr\/prodotti\/ric019660005xxx\/"]}]},{"@type":"ImageObject","inLanguage":"fr-FR","@id":"https:\/\/www.mcmtaps.it\/fr\/prodotti\/ric019660005xxx\/#primaryimage","url":"https:\/\/www.mcmtaps.it\/fr\/wp-content\/uploads\/sites\/7\/RIC019660005XXX.jpg","contentUrl":"https:\/\/www.mcmtaps.it\/fr\/wp-content\/uploads\/sites\/7\/RIC019660005XXX.jpg","width":580,"height":373},{"@type":"BreadcrumbList","@id":"https:\/\/www.mcmtaps.it\/fr\/prodotti\/ric019660005xxx\/#breadcrumb","itemListElement":[{"@type":"ListItem","position":1,"name":"Home","item":"https:\/\/www.mcmtaps.it\/fr\/"},{"@type":"ListItem","position":2,"name":"Produits","item":"https:\/\/www.mcmtaps.it\/fr\/prodotti\/"},{"@type":"ListItem","position":3,"name":"Miscellan\u00e9e","item":"https:\/\/www.mcmtaps.it\/fr\/categoria-prodotto\/miscellanea-others\/"},{"@type":"ListItem","position":4,"name":"RIC019660005XXX"}]},{"@type":"WebSite","@id":"https:\/\/www.mcmtaps.it\/fr\/#website","url":"https:\/\/www.mcmtaps.it\/fr\/","name":"MCM Rubinetterie | FR","description":"","potentialAction":[{"@type":"SearchAction","target":{"@type":"EntryPoint","urlTemplate":"https:\/\/www.mcmtaps.it\/fr\/?s={search_term_string}"},"query-input":{"@type":"PropertyValueSpecification","valueRequired":true,"valueName":"search_term_string"}}],"inLanguage":"fr-FR"}]}},"_links":{"self":[{"href":"https:\/\/www.mcmtaps.it\/fr\/wp-json\/wp\/v2\/product\/1837","targetHints":{"allow":["GET"]}}],"collection":[{"href":"https:\/\/www.mcmtaps.it\/fr\/wp-json\/wp\/v2\/product"}],"about":[{"href":"https:\/\/www.mcmtaps.it\/fr\/wp-json\/wp\/v2\/types\/product"}],"replies":[{"embeddable":true,"href":"https:\/\/www.mcmtaps.it\/fr\/wp-json\/wp\/v2\/comments?post=1837"}],"wp:featuredmedia":[{"embeddable":true,"href":"https:\/\/www.mcmtaps.it\/fr\/wp-json\/wp\/v2\/media\/1838"}],"wp:attachment":[{"href":"https:\/\/www.mcmtaps.it\/fr\/wp-json\/wp\/v2\/media?parent=1837"}],"wp:term":[{"taxonomy":"product_brand","embeddable":true,"href":"https:\/\/www.mcmtaps.it\/fr\/wp-json\/wp\/v2\/product_brand?post=1837"},{"taxonomy":"product_cat","embeddable":true,"href":"https:\/\/www.mcmtaps.it\/fr\/wp-json\/wp\/v2\/product_cat?post=1837"},{"taxonomy":"product_tag","embeddable":true,"href":"https:\/\/www.mcmtaps.it\/fr\/wp-json\/wp\/v2\/product_tag?post=1837"},{"taxonomy":"certificazioninew","embeddable":true,"href":"https:\/\/www.mcmtaps.it\/fr\/wp-json\/wp\/v2\/certificazioninew?post=1837"},{"taxonomy":"installazione","embeddable":true,"href":"https:\/\/www.mcmtaps.it\/fr\/wp-json\/wp\/v2\/installazione?post=1837"},{"taxonomy":"finiture","embeddable":true,"href":"https:\/\/www.mcmtaps.it\/fr\/wp-json\/wp\/v2\/finiture?post=1837"},{"taxonomy":"applicazioni","embeddable":true,"href":"https:\/\/www.mcmtaps.it\/fr\/wp-json\/wp\/v2\/applicazioni?post=1837"}],"curies":[{"name":"wp","href":"https:\/\/api.w.org\/{rel}","templated":true}]}}