{"id":1792,"date":"2023-02-21T11:53:36","date_gmt":"2023-02-21T10:53:36","guid":{"rendered":"https:\/\/www.mcmtaps.it\/fr\/prodotti\/605000\/"},"modified":"2025-05-16T16:00:25","modified_gmt":"2025-05-16T14:00:25","slug":"605000","status":"publish","type":"product","link":"https:\/\/www.mcmtaps.it\/fr\/prodotti\/605000\/","title":{"rendered":"605000"},"content":{"rendered":"<p>&#8211; R\u00e9glation du temp<br \/>\n&#8211; R\u00e9glation du d\u00e9bit<br \/>\n&#8211; Limiteur du debit (2 l\/min, 4 l\/min, 6 l\/min&#8230; etc)<br \/>\n&#8211; Syst\u00e8me anti-vandalisme<\/p>\n","protected":false},"excerpt":{"rendered":"<p>&#8211; R\u00e9glation du temp &#8211; R\u00e9glation du d\u00e9bit &#8211; Limiteur du debit (2 l\/min, 4 l\/min, 6 l\/min&#8230; etc) &#8211; Syst\u00e8me anti-vandalisme<\/p>\n","protected":false},"featured_media":2734,"comment_status":"closed","ping_status":"closed","template":"","meta":{"_acf_changed":false},"product_brand":[],"product_cat":[80],"product_tag":[131,111,112,126,129,130,119],"certificazioninew":[],"installazione":[54],"finiture":[42],"applicazioni":[24,20,21],"class_list":{"0":"post-1792","1":"product","2":"type-product","3":"status-publish","4":"has-post-thumbnail","6":"product_cat-soffioni-doccia-showers","7":"product_tag-131","8":"product_tag-douche","9":"product_tag-madeinitaly","10":"product_tag-mcm","11":"product_tag-panneau","12":"product_tag-pommededouche","13":"product_tag-temporise","14":"installazione-a-parete-esterno","15":"finiture-cromo","16":"applicazioni-strutture-sanitarie","17":"applicazioni-strutture-ricettive","18":"applicazioni-strutture-sportive","20":"first","21":"instock","22":"product-type-simple"},"acf":[],"yoast_head":"<!-- This site is optimized with the Yoast SEO plugin v27.2 - https:\/\/yoast.com\/product\/yoast-seo-wordpress\/ -->\n<title>605000 - MCM Rubinetterie | FR<\/title>\n<meta name=\"description\" content=\"Panneau de douche en acier inoxydable AISI 304 compl\u00e8te avec mitigeur \u00e0 bouton, 15-25 secondes, et pommeau de douche anti-pendaison\" \/>\n<meta name=\"robots\" content=\"noindex, follow, max-snippet:-1, max-image-preview:large, max-video-preview:-1\" \/>\n<meta property=\"og:locale\" content=\"fr_FR\" \/>\n<meta property=\"og:type\" content=\"article\" \/>\n<meta property=\"og:title\" content=\"605000 - MCM Rubinetterie | FR\" \/>\n<meta property=\"og:description\" content=\"Panneau de douche en acier inoxydable AISI 304 compl\u00e8te avec mitigeur \u00e0 bouton, 15-25 secondes, et pommeau de douche anti-pendaison\" \/>\n<meta property=\"og:url\" content=\"https:\/\/www.mcmtaps.it\/fr\/prodotti\/605000\/\" \/>\n<meta property=\"og:site_name\" content=\"MCM Rubinetterie | FR\" \/>\n<meta property=\"article:modified_time\" content=\"2025-05-16T14:00:25+00:00\" \/>\n<meta property=\"og:image\" content=\"https:\/\/www.mcmtaps.it\/fr\/wp-content\/uploads\/sites\/7\/605000_.png\" \/>\n\t<meta property=\"og:image:width\" content=\"768\" \/>\n\t<meta property=\"og:image:height\" content=\"1024\" \/>\n\t<meta property=\"og:image:type\" content=\"image\/png\" \/>\n<meta name=\"twitter:card\" content=\"summary_large_image\" \/>\n<meta name=\"twitter:label1\" content=\"Dur\u00e9e de lecture estim\u00e9e\" \/>\n\t<meta name=\"twitter:data1\" content=\"1 minute\" \/>\n<script type=\"application\/ld+json\" class=\"yoast-schema-graph\">{\"@context\":\"https:\/\/schema.org\",\"@graph\":[{\"@type\":\"WebPage\",\"@id\":\"https:\/\/www.mcmtaps.it\/fr\/prodotti\/605000\/\",\"url\":\"https:\/\/www.mcmtaps.it\/fr\/prodotti\/605000\/\",\"name\":\"605000 - MCM Rubinetterie | FR\",\"isPartOf\":{\"@id\":\"https:\/\/www.mcmtaps.it\/fr\/#website\"},\"primaryImageOfPage\":{\"@id\":\"https:\/\/www.mcmtaps.it\/fr\/prodotti\/605000\/#primaryimage\"},\"image\":{\"@id\":\"https:\/\/www.mcmtaps.it\/fr\/prodotti\/605000\/#primaryimage\"},\"thumbnailUrl\":\"https:\/\/www.mcmtaps.it\/fr\/wp-content\/uploads\/sites\/7\/605000_.png\",\"datePublished\":\"2023-02-21T10:53:36+00:00\",\"dateModified\":\"2025-05-16T14:00:25+00:00\",\"description\":\"Panneau de douche en acier inoxydable AISI 304 compl\u00e8te avec mitigeur \u00e0 bouton, 15-25 secondes, et pommeau de douche anti-pendaison\",\"breadcrumb\":{\"@id\":\"https:\/\/www.mcmtaps.it\/fr\/prodotti\/605000\/#breadcrumb\"},\"inLanguage\":\"fr-FR\",\"potentialAction\":[{\"@type\":\"ReadAction\",\"target\":[\"https:\/\/www.mcmtaps.it\/fr\/prodotti\/605000\/\"]}]},{\"@type\":\"ImageObject\",\"inLanguage\":\"fr-FR\",\"@id\":\"https:\/\/www.mcmtaps.it\/fr\/prodotti\/605000\/#primaryimage\",\"url\":\"https:\/\/www.mcmtaps.it\/fr\/wp-content\/uploads\/sites\/7\/605000_.png\",\"contentUrl\":\"https:\/\/www.mcmtaps.it\/fr\/wp-content\/uploads\/sites\/7\/605000_.png\",\"width\":4284,\"height\":5712},{\"@type\":\"BreadcrumbList\",\"@id\":\"https:\/\/www.mcmtaps.it\/fr\/prodotti\/605000\/#breadcrumb\",\"itemListElement\":[{\"@type\":\"ListItem\",\"position\":1,\"name\":\"Home\",\"item\":\"https:\/\/www.mcmtaps.it\/fr\/\"},{\"@type\":\"ListItem\",\"position\":2,\"name\":\"Produits\",\"item\":\"https:\/\/www.mcmtaps.it\/fr\/prodotti\/\"},{\"@type\":\"ListItem\",\"position\":3,\"name\":\"Pommes de douche - Douche\",\"item\":\"https:\/\/www.mcmtaps.it\/fr\/categoria-prodotto\/soffioni-doccia-showers\/\"},{\"@type\":\"ListItem\",\"position\":4,\"name\":\"605000\"}]},{\"@type\":\"WebSite\",\"@id\":\"https:\/\/www.mcmtaps.it\/fr\/#website\",\"url\":\"https:\/\/www.mcmtaps.it\/fr\/\",\"name\":\"MCM Rubinetterie | FR\",\"description\":\"\",\"potentialAction\":[{\"@type\":\"SearchAction\",\"target\":{\"@type\":\"EntryPoint\",\"urlTemplate\":\"https:\/\/www.mcmtaps.it\/fr\/?s={search_term_string}\"},\"query-input\":{\"@type\":\"PropertyValueSpecification\",\"valueRequired\":true,\"valueName\":\"search_term_string\"}}],\"inLanguage\":\"fr-FR\"}]}<\/script>\n<!-- \/ Yoast SEO plugin. -->","yoast_head_json":{"title":"605000 - MCM Rubinetterie | FR","description":"Panneau de douche en acier inoxydable AISI 304 compl\u00e8te avec mitigeur \u00e0 bouton, 15-25 secondes, et pommeau de douche anti-pendaison","robots":{"index":"noindex","follow":"follow","max-snippet":"max-snippet:-1","max-image-preview":"max-image-preview:large","max-video-preview":"max-video-preview:-1"},"og_locale":"fr_FR","og_type":"article","og_title":"605000 - MCM Rubinetterie | FR","og_description":"Panneau de douche en acier inoxydable AISI 304 compl\u00e8te avec mitigeur \u00e0 bouton, 15-25 secondes, et pommeau de douche anti-pendaison","og_url":"https:\/\/www.mcmtaps.it\/fr\/prodotti\/605000\/","og_site_name":"MCM Rubinetterie | FR","article_modified_time":"2025-05-16T14:00:25+00:00","og_image":[{"url":"https:\/\/www.mcmtaps.it\/fr\/wp-content\/uploads\/sites\/7\/605000_.png","width":768,"height":1024,"type":"image\/png"}],"twitter_card":"summary_large_image","twitter_misc":{"Dur\u00e9e de lecture estim\u00e9e":"1 minute"},"schema":{"@context":"https:\/\/schema.org","@graph":[{"@type":"WebPage","@id":"https:\/\/www.mcmtaps.it\/fr\/prodotti\/605000\/","url":"https:\/\/www.mcmtaps.it\/fr\/prodotti\/605000\/","name":"605000 - MCM Rubinetterie | FR","isPartOf":{"@id":"https:\/\/www.mcmtaps.it\/fr\/#website"},"primaryImageOfPage":{"@id":"https:\/\/www.mcmtaps.it\/fr\/prodotti\/605000\/#primaryimage"},"image":{"@id":"https:\/\/www.mcmtaps.it\/fr\/prodotti\/605000\/#primaryimage"},"thumbnailUrl":"https:\/\/www.mcmtaps.it\/fr\/wp-content\/uploads\/sites\/7\/605000_.png","datePublished":"2023-02-21T10:53:36+00:00","dateModified":"2025-05-16T14:00:25+00:00","description":"Panneau de douche en acier inoxydable AISI 304 compl\u00e8te avec mitigeur \u00e0 bouton, 15-25 secondes, et pommeau de douche anti-pendaison","breadcrumb":{"@id":"https:\/\/www.mcmtaps.it\/fr\/prodotti\/605000\/#breadcrumb"},"inLanguage":"fr-FR","potentialAction":[{"@type":"ReadAction","target":["https:\/\/www.mcmtaps.it\/fr\/prodotti\/605000\/"]}]},{"@type":"ImageObject","inLanguage":"fr-FR","@id":"https:\/\/www.mcmtaps.it\/fr\/prodotti\/605000\/#primaryimage","url":"https:\/\/www.mcmtaps.it\/fr\/wp-content\/uploads\/sites\/7\/605000_.png","contentUrl":"https:\/\/www.mcmtaps.it\/fr\/wp-content\/uploads\/sites\/7\/605000_.png","width":4284,"height":5712},{"@type":"BreadcrumbList","@id":"https:\/\/www.mcmtaps.it\/fr\/prodotti\/605000\/#breadcrumb","itemListElement":[{"@type":"ListItem","position":1,"name":"Home","item":"https:\/\/www.mcmtaps.it\/fr\/"},{"@type":"ListItem","position":2,"name":"Produits","item":"https:\/\/www.mcmtaps.it\/fr\/prodotti\/"},{"@type":"ListItem","position":3,"name":"Pommes de douche - Douche","item":"https:\/\/www.mcmtaps.it\/fr\/categoria-prodotto\/soffioni-doccia-showers\/"},{"@type":"ListItem","position":4,"name":"605000"}]},{"@type":"WebSite","@id":"https:\/\/www.mcmtaps.it\/fr\/#website","url":"https:\/\/www.mcmtaps.it\/fr\/","name":"MCM Rubinetterie | FR","description":"","potentialAction":[{"@type":"SearchAction","target":{"@type":"EntryPoint","urlTemplate":"https:\/\/www.mcmtaps.it\/fr\/?s={search_term_string}"},"query-input":{"@type":"PropertyValueSpecification","valueRequired":true,"valueName":"search_term_string"}}],"inLanguage":"fr-FR"}]}},"_links":{"self":[{"href":"https:\/\/www.mcmtaps.it\/fr\/wp-json\/wp\/v2\/product\/1792","targetHints":{"allow":["GET"]}}],"collection":[{"href":"https:\/\/www.mcmtaps.it\/fr\/wp-json\/wp\/v2\/product"}],"about":[{"href":"https:\/\/www.mcmtaps.it\/fr\/wp-json\/wp\/v2\/types\/product"}],"replies":[{"embeddable":true,"href":"https:\/\/www.mcmtaps.it\/fr\/wp-json\/wp\/v2\/comments?post=1792"}],"wp:featuredmedia":[{"embeddable":true,"href":"https:\/\/www.mcmtaps.it\/fr\/wp-json\/wp\/v2\/media\/2734"}],"wp:attachment":[{"href":"https:\/\/www.mcmtaps.it\/fr\/wp-json\/wp\/v2\/media?parent=1792"}],"wp:term":[{"taxonomy":"product_brand","embeddable":true,"href":"https:\/\/www.mcmtaps.it\/fr\/wp-json\/wp\/v2\/product_brand?post=1792"},{"taxonomy":"product_cat","embeddable":true,"href":"https:\/\/www.mcmtaps.it\/fr\/wp-json\/wp\/v2\/product_cat?post=1792"},{"taxonomy":"product_tag","embeddable":true,"href":"https:\/\/www.mcmtaps.it\/fr\/wp-json\/wp\/v2\/product_tag?post=1792"},{"taxonomy":"certificazioninew","embeddable":true,"href":"https:\/\/www.mcmtaps.it\/fr\/wp-json\/wp\/v2\/certificazioninew?post=1792"},{"taxonomy":"installazione","embeddable":true,"href":"https:\/\/www.mcmtaps.it\/fr\/wp-json\/wp\/v2\/installazione?post=1792"},{"taxonomy":"finiture","embeddable":true,"href":"https:\/\/www.mcmtaps.it\/fr\/wp-json\/wp\/v2\/finiture?post=1792"},{"taxonomy":"applicazioni","embeddable":true,"href":"https:\/\/www.mcmtaps.it\/fr\/wp-json\/wp\/v2\/applicazioni?post=1792"}],"curies":[{"name":"wp","href":"https:\/\/api.w.org\/{rel}","templated":true}]}}