{"id":1764,"date":"2023-02-21T11:53:01","date_gmt":"2023-02-21T10:53:01","guid":{"rendered":"https:\/\/www.mcmtaps.it\/fr\/prodotti\/901000\/"},"modified":"2023-10-12T15:59:46","modified_gmt":"2023-10-12T13:59:46","slug":"901000","status":"publish","type":"product","link":"https:\/\/www.mcmtaps.it\/fr\/prodotti\/901000\/","title":{"rendered":"901000"},"content":{"rendered":"<p>&#8211; Raccord tige filet\u00e9e m\u00e2le G 1\/2\u201d<br \/>\n&#8211; R\u00e9glation du d\u00e9bit<br \/>\n&#8211; Limiteur du debit (2 l\/min, 4 l\/min, 6 l\/min&#8230; etc)<\/p>\n","protected":false},"excerpt":{"rendered":"<p>&#8211; Raccord tige filet\u00e9e m\u00e2le G 1\/2\u201d &#8211; R\u00e9glation du d\u00e9bit &#8211; Limiteur du debit (2 l\/min, 4 l\/min, 6 l\/min&#8230; etc)<\/p>\n","protected":false},"featured_media":2642,"comment_status":"closed","ping_status":"closed","template":"","meta":{"_acf_changed":false},"product_brand":[],"product_cat":[34,78],"product_tag":[],"certificazioninew":[],"installazione":[94],"finiture":[42],"applicazioni":[22,28,53,26,24,20,21,27],"class_list":{"0":"post-1764","1":"product","2":"type-product","3":"status-publish","4":"has-post-thumbnail","6":"product_cat-pedali-f-tech","7":"product_cat-pedale-miscelatore","8":"installazione-a-pavimento-da-appoggio","9":"finiture-cromo","10":"applicazioni-spazi-commerciali","11":"applicazioni-luoghi-culturali","12":"applicazioni-industrie-ed-aziende","13":"applicazioni-enti-pubblici","14":"applicazioni-strutture-sanitarie","15":"applicazioni-strutture-ricettive","16":"applicazioni-strutture-sportive","17":"applicazioni-trasporti","19":"first","20":"instock","21":"product-type-simple"},"acf":[],"yoast_head":"<!-- This site is optimized with the Yoast SEO plugin v27.2 - https:\/\/yoast.com\/product\/yoast-seo-wordpress\/ -->\n<title>901000 - MCM Rubinetterie | FR<\/title>\n<meta name=\"description\" content=\"Robinet mitigeur temporis\u00e9 \u00e0 3 secondes \u00e0 commande au p\u00e9dale, installation au sol ou murale. Raccord tige filet\u00e9e m\u00e2le G 1\/2\u201d\" \/>\n<meta name=\"robots\" content=\"noindex, follow, max-snippet:-1, max-image-preview:large, max-video-preview:-1\" \/>\n<meta property=\"og:locale\" content=\"fr_FR\" \/>\n<meta property=\"og:type\" content=\"article\" \/>\n<meta property=\"og:title\" content=\"901000 - MCM Rubinetterie | FR\" \/>\n<meta property=\"og:description\" content=\"Robinet mitigeur temporis\u00e9 \u00e0 3 secondes \u00e0 commande au p\u00e9dale, installation au sol ou murale. Raccord tige filet\u00e9e m\u00e2le G 1\/2\u201d\" \/>\n<meta property=\"og:url\" content=\"https:\/\/www.mcmtaps.it\/fr\/prodotti\/901000\/\" \/>\n<meta property=\"og:site_name\" content=\"MCM Rubinetterie | FR\" \/>\n<meta property=\"article:modified_time\" content=\"2023-10-12T13:59:46+00:00\" \/>\n<meta property=\"og:image\" content=\"https:\/\/www.mcmtaps.it\/fr\/wp-content\/uploads\/sites\/7\/9010-scaled.jpg\" \/>\n\t<meta property=\"og:image:width\" content=\"2560\" \/>\n\t<meta property=\"og:image:height\" content=\"1440\" \/>\n\t<meta property=\"og:image:type\" content=\"image\/jpeg\" \/>\n<meta name=\"twitter:card\" content=\"summary_large_image\" \/>\n<meta name=\"twitter:label1\" content=\"Dur\u00e9e de lecture estim\u00e9e\" \/>\n\t<meta name=\"twitter:data1\" content=\"1 minute\" \/>\n<script type=\"application\/ld+json\" class=\"yoast-schema-graph\">{\"@context\":\"https:\/\/schema.org\",\"@graph\":[{\"@type\":\"WebPage\",\"@id\":\"https:\/\/www.mcmtaps.it\/fr\/prodotti\/901000\/\",\"url\":\"https:\/\/www.mcmtaps.it\/fr\/prodotti\/901000\/\",\"name\":\"901000 - MCM Rubinetterie | FR\",\"isPartOf\":{\"@id\":\"https:\/\/www.mcmtaps.it\/fr\/#website\"},\"primaryImageOfPage\":{\"@id\":\"https:\/\/www.mcmtaps.it\/fr\/prodotti\/901000\/#primaryimage\"},\"image\":{\"@id\":\"https:\/\/www.mcmtaps.it\/fr\/prodotti\/901000\/#primaryimage\"},\"thumbnailUrl\":\"https:\/\/www.mcmtaps.it\/fr\/wp-content\/uploads\/sites\/7\/9010-scaled.jpg\",\"datePublished\":\"2023-02-21T10:53:01+00:00\",\"dateModified\":\"2023-10-12T13:59:46+00:00\",\"description\":\"Robinet mitigeur temporis\u00e9 \u00e0 3 secondes \u00e0 commande au p\u00e9dale, installation au sol ou murale. Raccord tige filet\u00e9e m\u00e2le G 1\/2\u201d\",\"breadcrumb\":{\"@id\":\"https:\/\/www.mcmtaps.it\/fr\/prodotti\/901000\/#breadcrumb\"},\"inLanguage\":\"fr-FR\",\"potentialAction\":[{\"@type\":\"ReadAction\",\"target\":[\"https:\/\/www.mcmtaps.it\/fr\/prodotti\/901000\/\"]}]},{\"@type\":\"ImageObject\",\"inLanguage\":\"fr-FR\",\"@id\":\"https:\/\/www.mcmtaps.it\/fr\/prodotti\/901000\/#primaryimage\",\"url\":\"https:\/\/www.mcmtaps.it\/fr\/wp-content\/uploads\/sites\/7\/9010-scaled.jpg\",\"contentUrl\":\"https:\/\/www.mcmtaps.it\/fr\/wp-content\/uploads\/sites\/7\/9010-scaled.jpg\",\"width\":2560,\"height\":1440},{\"@type\":\"BreadcrumbList\",\"@id\":\"https:\/\/www.mcmtaps.it\/fr\/prodotti\/901000\/#breadcrumb\",\"itemListElement\":[{\"@type\":\"ListItem\",\"position\":1,\"name\":\"Home\",\"item\":\"https:\/\/www.mcmtaps.it\/fr\/\"},{\"@type\":\"ListItem\",\"position\":2,\"name\":\"Produits\",\"item\":\"https:\/\/www.mcmtaps.it\/fr\/prodotti\/\"},{\"@type\":\"ListItem\",\"position\":3,\"name\":\"P\u00e9dale - F Tech\",\"item\":\"https:\/\/www.mcmtaps.it\/fr\/categoria-prodotto\/pedali-f-tech\/\"},{\"@type\":\"ListItem\",\"position\":4,\"name\":\"P\u00e9dale de mitigeur\",\"item\":\"https:\/\/www.mcmtaps.it\/fr\/categoria-prodotto\/pedali-f-tech\/pedale-miscelatore\/\"},{\"@type\":\"ListItem\",\"position\":5,\"name\":\"901000\"}]},{\"@type\":\"WebSite\",\"@id\":\"https:\/\/www.mcmtaps.it\/fr\/#website\",\"url\":\"https:\/\/www.mcmtaps.it\/fr\/\",\"name\":\"MCM Rubinetterie | FR\",\"description\":\"\",\"potentialAction\":[{\"@type\":\"SearchAction\",\"target\":{\"@type\":\"EntryPoint\",\"urlTemplate\":\"https:\/\/www.mcmtaps.it\/fr\/?s={search_term_string}\"},\"query-input\":{\"@type\":\"PropertyValueSpecification\",\"valueRequired\":true,\"valueName\":\"search_term_string\"}}],\"inLanguage\":\"fr-FR\"}]}<\/script>\n<!-- \/ Yoast SEO plugin. -->","yoast_head_json":{"title":"901000 - MCM Rubinetterie | FR","description":"Robinet mitigeur temporis\u00e9 \u00e0 3 secondes \u00e0 commande au p\u00e9dale, installation au sol ou murale. Raccord tige filet\u00e9e m\u00e2le G 1\/2\u201d","robots":{"index":"noindex","follow":"follow","max-snippet":"max-snippet:-1","max-image-preview":"max-image-preview:large","max-video-preview":"max-video-preview:-1"},"og_locale":"fr_FR","og_type":"article","og_title":"901000 - MCM Rubinetterie | FR","og_description":"Robinet mitigeur temporis\u00e9 \u00e0 3 secondes \u00e0 commande au p\u00e9dale, installation au sol ou murale. Raccord tige filet\u00e9e m\u00e2le G 1\/2\u201d","og_url":"https:\/\/www.mcmtaps.it\/fr\/prodotti\/901000\/","og_site_name":"MCM Rubinetterie | FR","article_modified_time":"2023-10-12T13:59:46+00:00","og_image":[{"width":2560,"height":1440,"url":"https:\/\/www.mcmtaps.it\/fr\/wp-content\/uploads\/sites\/7\/9010-scaled.jpg","type":"image\/jpeg"}],"twitter_card":"summary_large_image","twitter_misc":{"Dur\u00e9e de lecture estim\u00e9e":"1 minute"},"schema":{"@context":"https:\/\/schema.org","@graph":[{"@type":"WebPage","@id":"https:\/\/www.mcmtaps.it\/fr\/prodotti\/901000\/","url":"https:\/\/www.mcmtaps.it\/fr\/prodotti\/901000\/","name":"901000 - MCM Rubinetterie | FR","isPartOf":{"@id":"https:\/\/www.mcmtaps.it\/fr\/#website"},"primaryImageOfPage":{"@id":"https:\/\/www.mcmtaps.it\/fr\/prodotti\/901000\/#primaryimage"},"image":{"@id":"https:\/\/www.mcmtaps.it\/fr\/prodotti\/901000\/#primaryimage"},"thumbnailUrl":"https:\/\/www.mcmtaps.it\/fr\/wp-content\/uploads\/sites\/7\/9010-scaled.jpg","datePublished":"2023-02-21T10:53:01+00:00","dateModified":"2023-10-12T13:59:46+00:00","description":"Robinet mitigeur temporis\u00e9 \u00e0 3 secondes \u00e0 commande au p\u00e9dale, installation au sol ou murale. Raccord tige filet\u00e9e m\u00e2le G 1\/2\u201d","breadcrumb":{"@id":"https:\/\/www.mcmtaps.it\/fr\/prodotti\/901000\/#breadcrumb"},"inLanguage":"fr-FR","potentialAction":[{"@type":"ReadAction","target":["https:\/\/www.mcmtaps.it\/fr\/prodotti\/901000\/"]}]},{"@type":"ImageObject","inLanguage":"fr-FR","@id":"https:\/\/www.mcmtaps.it\/fr\/prodotti\/901000\/#primaryimage","url":"https:\/\/www.mcmtaps.it\/fr\/wp-content\/uploads\/sites\/7\/9010-scaled.jpg","contentUrl":"https:\/\/www.mcmtaps.it\/fr\/wp-content\/uploads\/sites\/7\/9010-scaled.jpg","width":2560,"height":1440},{"@type":"BreadcrumbList","@id":"https:\/\/www.mcmtaps.it\/fr\/prodotti\/901000\/#breadcrumb","itemListElement":[{"@type":"ListItem","position":1,"name":"Home","item":"https:\/\/www.mcmtaps.it\/fr\/"},{"@type":"ListItem","position":2,"name":"Produits","item":"https:\/\/www.mcmtaps.it\/fr\/prodotti\/"},{"@type":"ListItem","position":3,"name":"P\u00e9dale - F Tech","item":"https:\/\/www.mcmtaps.it\/fr\/categoria-prodotto\/pedali-f-tech\/"},{"@type":"ListItem","position":4,"name":"P\u00e9dale de mitigeur","item":"https:\/\/www.mcmtaps.it\/fr\/categoria-prodotto\/pedali-f-tech\/pedale-miscelatore\/"},{"@type":"ListItem","position":5,"name":"901000"}]},{"@type":"WebSite","@id":"https:\/\/www.mcmtaps.it\/fr\/#website","url":"https:\/\/www.mcmtaps.it\/fr\/","name":"MCM Rubinetterie | FR","description":"","potentialAction":[{"@type":"SearchAction","target":{"@type":"EntryPoint","urlTemplate":"https:\/\/www.mcmtaps.it\/fr\/?s={search_term_string}"},"query-input":{"@type":"PropertyValueSpecification","valueRequired":true,"valueName":"search_term_string"}}],"inLanguage":"fr-FR"}]}},"_links":{"self":[{"href":"https:\/\/www.mcmtaps.it\/fr\/wp-json\/wp\/v2\/product\/1764","targetHints":{"allow":["GET"]}}],"collection":[{"href":"https:\/\/www.mcmtaps.it\/fr\/wp-json\/wp\/v2\/product"}],"about":[{"href":"https:\/\/www.mcmtaps.it\/fr\/wp-json\/wp\/v2\/types\/product"}],"replies":[{"embeddable":true,"href":"https:\/\/www.mcmtaps.it\/fr\/wp-json\/wp\/v2\/comments?post=1764"}],"wp:featuredmedia":[{"embeddable":true,"href":"https:\/\/www.mcmtaps.it\/fr\/wp-json\/wp\/v2\/media\/2642"}],"wp:attachment":[{"href":"https:\/\/www.mcmtaps.it\/fr\/wp-json\/wp\/v2\/media?parent=1764"}],"wp:term":[{"taxonomy":"product_brand","embeddable":true,"href":"https:\/\/www.mcmtaps.it\/fr\/wp-json\/wp\/v2\/product_brand?post=1764"},{"taxonomy":"product_cat","embeddable":true,"href":"https:\/\/www.mcmtaps.it\/fr\/wp-json\/wp\/v2\/product_cat?post=1764"},{"taxonomy":"product_tag","embeddable":true,"href":"https:\/\/www.mcmtaps.it\/fr\/wp-json\/wp\/v2\/product_tag?post=1764"},{"taxonomy":"certificazioninew","embeddable":true,"href":"https:\/\/www.mcmtaps.it\/fr\/wp-json\/wp\/v2\/certificazioninew?post=1764"},{"taxonomy":"installazione","embeddable":true,"href":"https:\/\/www.mcmtaps.it\/fr\/wp-json\/wp\/v2\/installazione?post=1764"},{"taxonomy":"finiture","embeddable":true,"href":"https:\/\/www.mcmtaps.it\/fr\/wp-json\/wp\/v2\/finiture?post=1764"},{"taxonomy":"applicazioni","embeddable":true,"href":"https:\/\/www.mcmtaps.it\/fr\/wp-json\/wp\/v2\/applicazioni?post=1764"}],"curies":[{"name":"wp","href":"https:\/\/api.w.org\/{rel}","templated":true}]}}