{"id":1734,"date":"2023-02-21T11:53:01","date_gmt":"2023-02-21T10:53:01","guid":{"rendered":"https:\/\/www.mcmtaps.it\/fr\/prodotti\/945700\/"},"modified":"2023-04-18T11:43:10","modified_gmt":"2023-04-18T09:43:10","slug":"945700","status":"publish","type":"product","link":"https:\/\/www.mcmtaps.it\/fr\/prodotti\/945700\/","title":{"rendered":"945700"},"content":{"rendered":"<p>&#8211; Installation murale<br \/>\n&#8211; Raccord tige filet\u00e9e m\u00e2le G 3\/4\u201d<\/p>\n","protected":false},"excerpt":{"rendered":"<p>&#8211; Installation murale &#8211; Raccord tige filet\u00e9e m\u00e2le G 3\/4\u201d<\/p>\n","protected":false},"featured_media":1735,"comment_status":"closed","ping_status":"closed","template":"","meta":{"_acf_changed":false},"product_brand":[],"product_cat":[72,33],"product_tag":[],"certificazioninew":[99],"installazione":[54],"finiture":[42],"applicazioni":[22,28,53,24,20,21],"class_list":{"0":"post-1734","1":"product","2":"type-product","3":"status-publish","4":"has-post-thumbnail","6":"product_cat-flussometro-esterno","7":"product_cat-temporizzati-tempomatic","8":"certificazioninew-acs","9":"installazione-a-parete-esterno","10":"finiture-cromo","11":"applicazioni-spazi-commerciali","12":"applicazioni-luoghi-culturali","13":"applicazioni-industrie-ed-aziende","14":"applicazioni-strutture-sanitarie","15":"applicazioni-strutture-ricettive","16":"applicazioni-strutture-sportive","18":"first","19":"instock","20":"product-type-simple"},"acf":[],"yoast_head":"<!-- This site is optimized with the Yoast SEO plugin v27.2 - https:\/\/yoast.com\/product\/yoast-seo-wordpress\/ -->\n<title>945700 - MCM Rubinetterie | FR<\/title>\n<meta name=\"description\" content=\"Robinet de chasse temporis\u00e9 pour toilettes, \u00e0 commande \u00e0 bouton. Installation murale. Raccord tige filet\u00e9e m\u00e2le G 3\/4\u201d\" \/>\n<meta name=\"robots\" content=\"noindex, follow, max-snippet:-1, max-image-preview:large, max-video-preview:-1\" \/>\n<meta property=\"og:locale\" content=\"fr_FR\" \/>\n<meta property=\"og:type\" content=\"article\" \/>\n<meta property=\"og:title\" content=\"945700 - MCM Rubinetterie | FR\" \/>\n<meta property=\"og:description\" content=\"Robinet de chasse temporis\u00e9 pour toilettes, \u00e0 commande \u00e0 bouton. Installation murale. Raccord tige filet\u00e9e m\u00e2le G 3\/4\u201d\" \/>\n<meta property=\"og:url\" content=\"https:\/\/www.mcmtaps.it\/fr\/prodotti\/945700\/\" \/>\n<meta property=\"og:site_name\" content=\"MCM Rubinetterie | FR\" \/>\n<meta property=\"article:modified_time\" content=\"2023-04-18T09:43:10+00:00\" \/>\n<meta property=\"og:image\" content=\"https:\/\/www.mcmtaps.it\/fr\/wp-content\/uploads\/sites\/7\/945700.jpg\" \/>\n\t<meta property=\"og:image:width\" content=\"580\" \/>\n\t<meta property=\"og:image:height\" content=\"373\" \/>\n\t<meta property=\"og:image:type\" content=\"image\/jpeg\" \/>\n<meta name=\"twitter:card\" content=\"summary_large_image\" \/>\n<meta name=\"twitter:label1\" content=\"Dur\u00e9e de lecture estim\u00e9e\" \/>\n\t<meta name=\"twitter:data1\" content=\"1 minute\" \/>\n<script type=\"application\/ld+json\" class=\"yoast-schema-graph\">{\"@context\":\"https:\/\/schema.org\",\"@graph\":[{\"@type\":\"WebPage\",\"@id\":\"https:\/\/www.mcmtaps.it\/fr\/prodotti\/945700\/\",\"url\":\"https:\/\/www.mcmtaps.it\/fr\/prodotti\/945700\/\",\"name\":\"945700 - MCM Rubinetterie | FR\",\"isPartOf\":{\"@id\":\"https:\/\/www.mcmtaps.it\/fr\/#website\"},\"primaryImageOfPage\":{\"@id\":\"https:\/\/www.mcmtaps.it\/fr\/prodotti\/945700\/#primaryimage\"},\"image\":{\"@id\":\"https:\/\/www.mcmtaps.it\/fr\/prodotti\/945700\/#primaryimage\"},\"thumbnailUrl\":\"https:\/\/www.mcmtaps.it\/fr\/wp-content\/uploads\/sites\/7\/945700.jpg\",\"datePublished\":\"2023-02-21T10:53:01+00:00\",\"dateModified\":\"2023-04-18T09:43:10+00:00\",\"description\":\"Robinet de chasse temporis\u00e9 pour toilettes, \u00e0 commande \u00e0 bouton. Installation murale. Raccord tige filet\u00e9e m\u00e2le G 3\/4\u201d\",\"breadcrumb\":{\"@id\":\"https:\/\/www.mcmtaps.it\/fr\/prodotti\/945700\/#breadcrumb\"},\"inLanguage\":\"fr-FR\",\"potentialAction\":[{\"@type\":\"ReadAction\",\"target\":[\"https:\/\/www.mcmtaps.it\/fr\/prodotti\/945700\/\"]}]},{\"@type\":\"ImageObject\",\"inLanguage\":\"fr-FR\",\"@id\":\"https:\/\/www.mcmtaps.it\/fr\/prodotti\/945700\/#primaryimage\",\"url\":\"https:\/\/www.mcmtaps.it\/fr\/wp-content\/uploads\/sites\/7\/945700.jpg\",\"contentUrl\":\"https:\/\/www.mcmtaps.it\/fr\/wp-content\/uploads\/sites\/7\/945700.jpg\",\"width\":580,\"height\":373},{\"@type\":\"BreadcrumbList\",\"@id\":\"https:\/\/www.mcmtaps.it\/fr\/prodotti\/945700\/#breadcrumb\",\"itemListElement\":[{\"@type\":\"ListItem\",\"position\":1,\"name\":\"Home\",\"item\":\"https:\/\/www.mcmtaps.it\/fr\/\"},{\"@type\":\"ListItem\",\"position\":2,\"name\":\"Produits\",\"item\":\"https:\/\/www.mcmtaps.it\/fr\/prodotti\/\"},{\"@type\":\"ListItem\",\"position\":3,\"name\":\"Robinets temporis\u00e9s - Tempomatic\",\"item\":\"https:\/\/www.mcmtaps.it\/fr\/categoria-prodotto\/temporizzati-tempomatic\/\"},{\"@type\":\"ListItem\",\"position\":4,\"name\":\"Robinet de chasse externe\",\"item\":\"https:\/\/www.mcmtaps.it\/fr\/categoria-prodotto\/temporizzati-tempomatic\/flussometro-esterno\/\"},{\"@type\":\"ListItem\",\"position\":5,\"name\":\"945700\"}]},{\"@type\":\"WebSite\",\"@id\":\"https:\/\/www.mcmtaps.it\/fr\/#website\",\"url\":\"https:\/\/www.mcmtaps.it\/fr\/\",\"name\":\"MCM Rubinetterie | FR\",\"description\":\"\",\"potentialAction\":[{\"@type\":\"SearchAction\",\"target\":{\"@type\":\"EntryPoint\",\"urlTemplate\":\"https:\/\/www.mcmtaps.it\/fr\/?s={search_term_string}\"},\"query-input\":{\"@type\":\"PropertyValueSpecification\",\"valueRequired\":true,\"valueName\":\"search_term_string\"}}],\"inLanguage\":\"fr-FR\"}]}<\/script>\n<!-- \/ Yoast SEO plugin. -->","yoast_head_json":{"title":"945700 - MCM Rubinetterie | FR","description":"Robinet de chasse temporis\u00e9 pour toilettes, \u00e0 commande \u00e0 bouton. Installation murale. Raccord tige filet\u00e9e m\u00e2le G 3\/4\u201d","robots":{"index":"noindex","follow":"follow","max-snippet":"max-snippet:-1","max-image-preview":"max-image-preview:large","max-video-preview":"max-video-preview:-1"},"og_locale":"fr_FR","og_type":"article","og_title":"945700 - MCM Rubinetterie | FR","og_description":"Robinet de chasse temporis\u00e9 pour toilettes, \u00e0 commande \u00e0 bouton. Installation murale. Raccord tige filet\u00e9e m\u00e2le G 3\/4\u201d","og_url":"https:\/\/www.mcmtaps.it\/fr\/prodotti\/945700\/","og_site_name":"MCM Rubinetterie | FR","article_modified_time":"2023-04-18T09:43:10+00:00","og_image":[{"width":580,"height":373,"url":"https:\/\/www.mcmtaps.it\/fr\/wp-content\/uploads\/sites\/7\/945700.jpg","type":"image\/jpeg"}],"twitter_card":"summary_large_image","twitter_misc":{"Dur\u00e9e de lecture estim\u00e9e":"1 minute"},"schema":{"@context":"https:\/\/schema.org","@graph":[{"@type":"WebPage","@id":"https:\/\/www.mcmtaps.it\/fr\/prodotti\/945700\/","url":"https:\/\/www.mcmtaps.it\/fr\/prodotti\/945700\/","name":"945700 - MCM Rubinetterie | FR","isPartOf":{"@id":"https:\/\/www.mcmtaps.it\/fr\/#website"},"primaryImageOfPage":{"@id":"https:\/\/www.mcmtaps.it\/fr\/prodotti\/945700\/#primaryimage"},"image":{"@id":"https:\/\/www.mcmtaps.it\/fr\/prodotti\/945700\/#primaryimage"},"thumbnailUrl":"https:\/\/www.mcmtaps.it\/fr\/wp-content\/uploads\/sites\/7\/945700.jpg","datePublished":"2023-02-21T10:53:01+00:00","dateModified":"2023-04-18T09:43:10+00:00","description":"Robinet de chasse temporis\u00e9 pour toilettes, \u00e0 commande \u00e0 bouton. Installation murale. Raccord tige filet\u00e9e m\u00e2le G 3\/4\u201d","breadcrumb":{"@id":"https:\/\/www.mcmtaps.it\/fr\/prodotti\/945700\/#breadcrumb"},"inLanguage":"fr-FR","potentialAction":[{"@type":"ReadAction","target":["https:\/\/www.mcmtaps.it\/fr\/prodotti\/945700\/"]}]},{"@type":"ImageObject","inLanguage":"fr-FR","@id":"https:\/\/www.mcmtaps.it\/fr\/prodotti\/945700\/#primaryimage","url":"https:\/\/www.mcmtaps.it\/fr\/wp-content\/uploads\/sites\/7\/945700.jpg","contentUrl":"https:\/\/www.mcmtaps.it\/fr\/wp-content\/uploads\/sites\/7\/945700.jpg","width":580,"height":373},{"@type":"BreadcrumbList","@id":"https:\/\/www.mcmtaps.it\/fr\/prodotti\/945700\/#breadcrumb","itemListElement":[{"@type":"ListItem","position":1,"name":"Home","item":"https:\/\/www.mcmtaps.it\/fr\/"},{"@type":"ListItem","position":2,"name":"Produits","item":"https:\/\/www.mcmtaps.it\/fr\/prodotti\/"},{"@type":"ListItem","position":3,"name":"Robinets temporis\u00e9s - Tempomatic","item":"https:\/\/www.mcmtaps.it\/fr\/categoria-prodotto\/temporizzati-tempomatic\/"},{"@type":"ListItem","position":4,"name":"Robinet de chasse externe","item":"https:\/\/www.mcmtaps.it\/fr\/categoria-prodotto\/temporizzati-tempomatic\/flussometro-esterno\/"},{"@type":"ListItem","position":5,"name":"945700"}]},{"@type":"WebSite","@id":"https:\/\/www.mcmtaps.it\/fr\/#website","url":"https:\/\/www.mcmtaps.it\/fr\/","name":"MCM Rubinetterie | FR","description":"","potentialAction":[{"@type":"SearchAction","target":{"@type":"EntryPoint","urlTemplate":"https:\/\/www.mcmtaps.it\/fr\/?s={search_term_string}"},"query-input":{"@type":"PropertyValueSpecification","valueRequired":true,"valueName":"search_term_string"}}],"inLanguage":"fr-FR"}]}},"_links":{"self":[{"href":"https:\/\/www.mcmtaps.it\/fr\/wp-json\/wp\/v2\/product\/1734","targetHints":{"allow":["GET"]}}],"collection":[{"href":"https:\/\/www.mcmtaps.it\/fr\/wp-json\/wp\/v2\/product"}],"about":[{"href":"https:\/\/www.mcmtaps.it\/fr\/wp-json\/wp\/v2\/types\/product"}],"replies":[{"embeddable":true,"href":"https:\/\/www.mcmtaps.it\/fr\/wp-json\/wp\/v2\/comments?post=1734"}],"wp:featuredmedia":[{"embeddable":true,"href":"https:\/\/www.mcmtaps.it\/fr\/wp-json\/wp\/v2\/media\/1735"}],"wp:attachment":[{"href":"https:\/\/www.mcmtaps.it\/fr\/wp-json\/wp\/v2\/media?parent=1734"}],"wp:term":[{"taxonomy":"product_brand","embeddable":true,"href":"https:\/\/www.mcmtaps.it\/fr\/wp-json\/wp\/v2\/product_brand?post=1734"},{"taxonomy":"product_cat","embeddable":true,"href":"https:\/\/www.mcmtaps.it\/fr\/wp-json\/wp\/v2\/product_cat?post=1734"},{"taxonomy":"product_tag","embeddable":true,"href":"https:\/\/www.mcmtaps.it\/fr\/wp-json\/wp\/v2\/product_tag?post=1734"},{"taxonomy":"certificazioninew","embeddable":true,"href":"https:\/\/www.mcmtaps.it\/fr\/wp-json\/wp\/v2\/certificazioninew?post=1734"},{"taxonomy":"installazione","embeddable":true,"href":"https:\/\/www.mcmtaps.it\/fr\/wp-json\/wp\/v2\/installazione?post=1734"},{"taxonomy":"finiture","embeddable":true,"href":"https:\/\/www.mcmtaps.it\/fr\/wp-json\/wp\/v2\/finiture?post=1734"},{"taxonomy":"applicazioni","embeddable":true,"href":"https:\/\/www.mcmtaps.it\/fr\/wp-json\/wp\/v2\/applicazioni?post=1734"}],"curies":[{"name":"wp","href":"https:\/\/api.w.org\/{rel}","templated":true}]}}