{"id":1730,"date":"2023-02-21T11:53:01","date_gmt":"2023-02-21T10:53:01","guid":{"rendered":"https:\/\/www.mcmtaps.it\/fr\/prodotti\/945500\/"},"modified":"2025-07-10T11:07:38","modified_gmt":"2025-07-10T09:07:38","slug":"945500","status":"publish","type":"product","link":"https:\/\/www.mcmtaps.it\/fr\/prodotti\/945500\/","title":{"rendered":"945500-945501"},"content":{"rendered":"<p>&#8211; Installation murale encastrable<br \/>\n&#8211; Raccord filet\u00e9 femelle G 3\/4\u201d &#8211; G 1\u201d<\/p>\n","protected":false},"excerpt":{"rendered":"<p>&#8211; Installation murale encastrable &#8211; Raccord filet\u00e9 femelle G 3\/4\u201d &#8211; G 1\u201d<\/p>\n","protected":false},"featured_media":2748,"comment_status":"closed","ping_status":"closed","template":"","meta":{"_acf_changed":false},"product_brand":[],"product_cat":[74,33],"product_tag":[],"certificazioninew":[99],"installazione":[58],"finiture":[42],"applicazioni":[22,28,53,24,20,21],"class_list":{"0":"post-1730","1":"product","2":"type-product","3":"status-publish","4":"has-post-thumbnail","6":"product_cat-flussometro-incasso-temporizzati-tempomatic","7":"product_cat-temporizzati-tempomatic","8":"certificazioninew-acs","9":"installazione-a-parete-incasso","10":"finiture-cromo","11":"applicazioni-spazi-commerciali","12":"applicazioni-luoghi-culturali","13":"applicazioni-industrie-ed-aziende","14":"applicazioni-strutture-sanitarie","15":"applicazioni-strutture-ricettive","16":"applicazioni-strutture-sportive","18":"first","19":"instock","20":"product-type-simple"},"acf":[],"yoast_head":"<!-- This site is optimized with the Yoast SEO plugin v27.2 - https:\/\/yoast.com\/product\/yoast-seo-wordpress\/ -->\n<title>945500-945501 - MCM Rubinetterie | FR<\/title>\n<meta name=\"description\" content=\"Robinet de chasse temporis\u00e9 pour toilettes \u00e0 commande \u00e0 bouton. Installation murale encastrable. Raccord filet\u00e9 femelle G 3\/4\u201d - G 1\u201d\" \/>\n<meta name=\"robots\" content=\"noindex, follow, max-snippet:-1, max-image-preview:large, max-video-preview:-1\" \/>\n<meta property=\"og:locale\" content=\"fr_FR\" \/>\n<meta property=\"og:type\" content=\"article\" \/>\n<meta property=\"og:title\" content=\"945500-945501 - MCM Rubinetterie | FR\" \/>\n<meta property=\"og:description\" content=\"Robinet de chasse temporis\u00e9 pour toilettes \u00e0 commande \u00e0 bouton. Installation murale encastrable. Raccord filet\u00e9 femelle G 3\/4\u201d - G 1\u201d\" \/>\n<meta property=\"og:url\" content=\"https:\/\/www.mcmtaps.it\/fr\/prodotti\/945500\/\" \/>\n<meta property=\"og:site_name\" content=\"MCM Rubinetterie | FR\" \/>\n<meta property=\"article:modified_time\" content=\"2025-07-10T09:07:38+00:00\" \/>\n<meta property=\"og:image\" content=\"https:\/\/www.mcmtaps.it\/fr\/wp-content\/uploads\/sites\/7\/945500-NEW-PLATE.png\" \/>\n\t<meta property=\"og:image:width\" content=\"768\" \/>\n\t<meta property=\"og:image:height\" content=\"1024\" \/>\n\t<meta property=\"og:image:type\" content=\"image\/png\" \/>\n<meta name=\"twitter:card\" content=\"summary_large_image\" \/>\n<meta name=\"twitter:label1\" content=\"Dur\u00e9e de lecture estim\u00e9e\" \/>\n\t<meta name=\"twitter:data1\" content=\"1 minute\" \/>\n<script type=\"application\/ld+json\" class=\"yoast-schema-graph\">{\"@context\":\"https:\/\/schema.org\",\"@graph\":[{\"@type\":\"WebPage\",\"@id\":\"https:\/\/www.mcmtaps.it\/fr\/prodotti\/945500\/\",\"url\":\"https:\/\/www.mcmtaps.it\/fr\/prodotti\/945500\/\",\"name\":\"945500-945501 - MCM Rubinetterie | FR\",\"isPartOf\":{\"@id\":\"https:\/\/www.mcmtaps.it\/fr\/#website\"},\"primaryImageOfPage\":{\"@id\":\"https:\/\/www.mcmtaps.it\/fr\/prodotti\/945500\/#primaryimage\"},\"image\":{\"@id\":\"https:\/\/www.mcmtaps.it\/fr\/prodotti\/945500\/#primaryimage\"},\"thumbnailUrl\":\"https:\/\/www.mcmtaps.it\/fr\/wp-content\/uploads\/sites\/7\/945500-NEW-PLATE.png\",\"datePublished\":\"2023-02-21T10:53:01+00:00\",\"dateModified\":\"2025-07-10T09:07:38+00:00\",\"description\":\"Robinet de chasse temporis\u00e9 pour toilettes \u00e0 commande \u00e0 bouton. Installation murale encastrable. Raccord filet\u00e9 femelle G 3\/4\u201d - G 1\u201d\",\"breadcrumb\":{\"@id\":\"https:\/\/www.mcmtaps.it\/fr\/prodotti\/945500\/#breadcrumb\"},\"inLanguage\":\"fr-FR\",\"potentialAction\":[{\"@type\":\"ReadAction\",\"target\":[\"https:\/\/www.mcmtaps.it\/fr\/prodotti\/945500\/\"]}]},{\"@type\":\"ImageObject\",\"inLanguage\":\"fr-FR\",\"@id\":\"https:\/\/www.mcmtaps.it\/fr\/prodotti\/945500\/#primaryimage\",\"url\":\"https:\/\/www.mcmtaps.it\/fr\/wp-content\/uploads\/sites\/7\/945500-NEW-PLATE.png\",\"contentUrl\":\"https:\/\/www.mcmtaps.it\/fr\/wp-content\/uploads\/sites\/7\/945500-NEW-PLATE.png\",\"width\":3024,\"height\":4032},{\"@type\":\"BreadcrumbList\",\"@id\":\"https:\/\/www.mcmtaps.it\/fr\/prodotti\/945500\/#breadcrumb\",\"itemListElement\":[{\"@type\":\"ListItem\",\"position\":1,\"name\":\"Home\",\"item\":\"https:\/\/www.mcmtaps.it\/fr\/\"},{\"@type\":\"ListItem\",\"position\":2,\"name\":\"Produits\",\"item\":\"https:\/\/www.mcmtaps.it\/fr\/prodotti\/\"},{\"@type\":\"ListItem\",\"position\":3,\"name\":\"Robinets temporis\u00e9s - Tempomatic\",\"item\":\"https:\/\/www.mcmtaps.it\/fr\/categoria-prodotto\/temporizzati-tempomatic\/\"},{\"@type\":\"ListItem\",\"position\":4,\"name\":\"Robinet de chasse\",\"item\":\"https:\/\/www.mcmtaps.it\/fr\/categoria-prodotto\/temporizzati-tempomatic\/flussometro-incasso-temporizzati-tempomatic\/\"},{\"@type\":\"ListItem\",\"position\":5,\"name\":\"945500-945501\"}]},{\"@type\":\"WebSite\",\"@id\":\"https:\/\/www.mcmtaps.it\/fr\/#website\",\"url\":\"https:\/\/www.mcmtaps.it\/fr\/\",\"name\":\"MCM Rubinetterie | FR\",\"description\":\"\",\"potentialAction\":[{\"@type\":\"SearchAction\",\"target\":{\"@type\":\"EntryPoint\",\"urlTemplate\":\"https:\/\/www.mcmtaps.it\/fr\/?s={search_term_string}\"},\"query-input\":{\"@type\":\"PropertyValueSpecification\",\"valueRequired\":true,\"valueName\":\"search_term_string\"}}],\"inLanguage\":\"fr-FR\"}]}<\/script>\n<!-- \/ Yoast SEO plugin. -->","yoast_head_json":{"title":"945500-945501 - MCM Rubinetterie | FR","description":"Robinet de chasse temporis\u00e9 pour toilettes \u00e0 commande \u00e0 bouton. Installation murale encastrable. Raccord filet\u00e9 femelle G 3\/4\u201d - G 1\u201d","robots":{"index":"noindex","follow":"follow","max-snippet":"max-snippet:-1","max-image-preview":"max-image-preview:large","max-video-preview":"max-video-preview:-1"},"og_locale":"fr_FR","og_type":"article","og_title":"945500-945501 - MCM Rubinetterie | FR","og_description":"Robinet de chasse temporis\u00e9 pour toilettes \u00e0 commande \u00e0 bouton. Installation murale encastrable. Raccord filet\u00e9 femelle G 3\/4\u201d - G 1\u201d","og_url":"https:\/\/www.mcmtaps.it\/fr\/prodotti\/945500\/","og_site_name":"MCM Rubinetterie | FR","article_modified_time":"2025-07-10T09:07:38+00:00","og_image":[{"url":"https:\/\/www.mcmtaps.it\/fr\/wp-content\/uploads\/sites\/7\/945500-NEW-PLATE.png","width":768,"height":1024,"type":"image\/png"}],"twitter_card":"summary_large_image","twitter_misc":{"Dur\u00e9e de lecture estim\u00e9e":"1 minute"},"schema":{"@context":"https:\/\/schema.org","@graph":[{"@type":"WebPage","@id":"https:\/\/www.mcmtaps.it\/fr\/prodotti\/945500\/","url":"https:\/\/www.mcmtaps.it\/fr\/prodotti\/945500\/","name":"945500-945501 - MCM Rubinetterie | FR","isPartOf":{"@id":"https:\/\/www.mcmtaps.it\/fr\/#website"},"primaryImageOfPage":{"@id":"https:\/\/www.mcmtaps.it\/fr\/prodotti\/945500\/#primaryimage"},"image":{"@id":"https:\/\/www.mcmtaps.it\/fr\/prodotti\/945500\/#primaryimage"},"thumbnailUrl":"https:\/\/www.mcmtaps.it\/fr\/wp-content\/uploads\/sites\/7\/945500-NEW-PLATE.png","datePublished":"2023-02-21T10:53:01+00:00","dateModified":"2025-07-10T09:07:38+00:00","description":"Robinet de chasse temporis\u00e9 pour toilettes \u00e0 commande \u00e0 bouton. Installation murale encastrable. Raccord filet\u00e9 femelle G 3\/4\u201d - G 1\u201d","breadcrumb":{"@id":"https:\/\/www.mcmtaps.it\/fr\/prodotti\/945500\/#breadcrumb"},"inLanguage":"fr-FR","potentialAction":[{"@type":"ReadAction","target":["https:\/\/www.mcmtaps.it\/fr\/prodotti\/945500\/"]}]},{"@type":"ImageObject","inLanguage":"fr-FR","@id":"https:\/\/www.mcmtaps.it\/fr\/prodotti\/945500\/#primaryimage","url":"https:\/\/www.mcmtaps.it\/fr\/wp-content\/uploads\/sites\/7\/945500-NEW-PLATE.png","contentUrl":"https:\/\/www.mcmtaps.it\/fr\/wp-content\/uploads\/sites\/7\/945500-NEW-PLATE.png","width":3024,"height":4032},{"@type":"BreadcrumbList","@id":"https:\/\/www.mcmtaps.it\/fr\/prodotti\/945500\/#breadcrumb","itemListElement":[{"@type":"ListItem","position":1,"name":"Home","item":"https:\/\/www.mcmtaps.it\/fr\/"},{"@type":"ListItem","position":2,"name":"Produits","item":"https:\/\/www.mcmtaps.it\/fr\/prodotti\/"},{"@type":"ListItem","position":3,"name":"Robinets temporis\u00e9s - Tempomatic","item":"https:\/\/www.mcmtaps.it\/fr\/categoria-prodotto\/temporizzati-tempomatic\/"},{"@type":"ListItem","position":4,"name":"Robinet de chasse","item":"https:\/\/www.mcmtaps.it\/fr\/categoria-prodotto\/temporizzati-tempomatic\/flussometro-incasso-temporizzati-tempomatic\/"},{"@type":"ListItem","position":5,"name":"945500-945501"}]},{"@type":"WebSite","@id":"https:\/\/www.mcmtaps.it\/fr\/#website","url":"https:\/\/www.mcmtaps.it\/fr\/","name":"MCM Rubinetterie | FR","description":"","potentialAction":[{"@type":"SearchAction","target":{"@type":"EntryPoint","urlTemplate":"https:\/\/www.mcmtaps.it\/fr\/?s={search_term_string}"},"query-input":{"@type":"PropertyValueSpecification","valueRequired":true,"valueName":"search_term_string"}}],"inLanguage":"fr-FR"}]}},"_links":{"self":[{"href":"https:\/\/www.mcmtaps.it\/fr\/wp-json\/wp\/v2\/product\/1730","targetHints":{"allow":["GET"]}}],"collection":[{"href":"https:\/\/www.mcmtaps.it\/fr\/wp-json\/wp\/v2\/product"}],"about":[{"href":"https:\/\/www.mcmtaps.it\/fr\/wp-json\/wp\/v2\/types\/product"}],"replies":[{"embeddable":true,"href":"https:\/\/www.mcmtaps.it\/fr\/wp-json\/wp\/v2\/comments?post=1730"}],"wp:featuredmedia":[{"embeddable":true,"href":"https:\/\/www.mcmtaps.it\/fr\/wp-json\/wp\/v2\/media\/2748"}],"wp:attachment":[{"href":"https:\/\/www.mcmtaps.it\/fr\/wp-json\/wp\/v2\/media?parent=1730"}],"wp:term":[{"taxonomy":"product_brand","embeddable":true,"href":"https:\/\/www.mcmtaps.it\/fr\/wp-json\/wp\/v2\/product_brand?post=1730"},{"taxonomy":"product_cat","embeddable":true,"href":"https:\/\/www.mcmtaps.it\/fr\/wp-json\/wp\/v2\/product_cat?post=1730"},{"taxonomy":"product_tag","embeddable":true,"href":"https:\/\/www.mcmtaps.it\/fr\/wp-json\/wp\/v2\/product_tag?post=1730"},{"taxonomy":"certificazioninew","embeddable":true,"href":"https:\/\/www.mcmtaps.it\/fr\/wp-json\/wp\/v2\/certificazioninew?post=1730"},{"taxonomy":"installazione","embeddable":true,"href":"https:\/\/www.mcmtaps.it\/fr\/wp-json\/wp\/v2\/installazione?post=1730"},{"taxonomy":"finiture","embeddable":true,"href":"https:\/\/www.mcmtaps.it\/fr\/wp-json\/wp\/v2\/finiture?post=1730"},{"taxonomy":"applicazioni","embeddable":true,"href":"https:\/\/www.mcmtaps.it\/fr\/wp-json\/wp\/v2\/applicazioni?post=1730"}],"curies":[{"name":"wp","href":"https:\/\/api.w.org\/{rel}","templated":true}]}}