{"id":1702,"date":"2023-02-21T11:52:40","date_gmt":"2023-02-21T10:52:40","guid":{"rendered":"https:\/\/www.mcmtaps.it\/fr\/prodotti\/908007\/"},"modified":"2023-04-18T10:46:31","modified_gmt":"2023-04-18T08:46:31","slug":"908007","status":"publish","type":"product","link":"https:\/\/www.mcmtaps.it\/fr\/prodotti\/908007\/","title":{"rendered":"908007"},"content":{"rendered":"<p>&#8211; Installation au-dessus du plan<br \/>\n&#8211; Raccord flexible G 1\/2\u201d<\/p>\n","protected":false},"excerpt":{"rendered":"<p>&#8211; Installation au-dessus du plan &#8211; Raccord flexible G 1\/2\u201d<\/p>\n","protected":false},"featured_media":2334,"comment_status":"closed","ping_status":"closed","template":"","meta":{"_acf_changed":false},"product_brand":[],"product_cat":[65,33],"product_tag":[],"certificazioninew":[],"installazione":[52],"finiture":[42],"applicazioni":[22,53,26,23,24,20,21],"class_list":{"0":"post-1702","1":"product","2":"type-product","3":"status-publish","4":"has-post-thumbnail","6":"product_cat-lavabo-monoacqua","7":"product_cat-temporizzati-tempomatic","8":"installazione-sopra-piano","9":"finiture-cromo","10":"applicazioni-spazi-commerciali","11":"applicazioni-industrie-ed-aziende","12":"applicazioni-enti-pubblici","13":"applicazioni-disabili","14":"applicazioni-strutture-sanitarie","15":"applicazioni-strutture-ricettive","16":"applicazioni-strutture-sportive","18":"first","19":"instock","20":"product-type-simple"},"acf":[],"yoast_head":"<!-- This site is optimized with the Yoast SEO plugin v27.2 - https:\/\/yoast.com\/product\/yoast-seo-wordpress\/ -->\n<title>908007 - MCM Rubinetterie | FR<\/title>\n<meta name=\"description\" content=\"Robinet simple de lavabo temporis\u00e9 \u00e0 8-12 secondes \u00e0 commande \u00e0 levier. Installation au-dessus du plan. Raccord flexible G 1\/2\u201d\" \/>\n<meta name=\"robots\" content=\"noindex, follow, max-snippet:-1, max-image-preview:large, max-video-preview:-1\" \/>\n<meta property=\"og:locale\" content=\"fr_FR\" \/>\n<meta property=\"og:type\" content=\"article\" \/>\n<meta property=\"og:title\" content=\"908007 - MCM Rubinetterie | FR\" \/>\n<meta property=\"og:description\" content=\"Robinet simple de lavabo temporis\u00e9 \u00e0 8-12 secondes \u00e0 commande \u00e0 levier. Installation au-dessus du plan. Raccord flexible G 1\/2\u201d\" \/>\n<meta property=\"og:url\" content=\"https:\/\/www.mcmtaps.it\/fr\/prodotti\/908007\/\" \/>\n<meta property=\"og:site_name\" content=\"MCM Rubinetterie | FR\" \/>\n<meta property=\"article:modified_time\" content=\"2023-04-18T08:46:31+00:00\" \/>\n<meta property=\"og:image\" content=\"https:\/\/www.mcmtaps.it\/fr\/wp-content\/uploads\/sites\/7\/908007.png\" \/>\n\t<meta property=\"og:image:width\" content=\"2000\" \/>\n\t<meta property=\"og:image:height\" content=\"3000\" \/>\n\t<meta property=\"og:image:type\" content=\"image\/png\" \/>\n<meta name=\"twitter:card\" content=\"summary_large_image\" \/>\n<meta name=\"twitter:label1\" content=\"Dur\u00e9e de lecture estim\u00e9e\" \/>\n\t<meta name=\"twitter:data1\" content=\"1 minute\" \/>\n<script type=\"application\/ld+json\" class=\"yoast-schema-graph\">{\"@context\":\"https:\/\/schema.org\",\"@graph\":[{\"@type\":\"WebPage\",\"@id\":\"https:\/\/www.mcmtaps.it\/fr\/prodotti\/908007\/\",\"url\":\"https:\/\/www.mcmtaps.it\/fr\/prodotti\/908007\/\",\"name\":\"908007 - MCM Rubinetterie | FR\",\"isPartOf\":{\"@id\":\"https:\/\/www.mcmtaps.it\/fr\/#website\"},\"primaryImageOfPage\":{\"@id\":\"https:\/\/www.mcmtaps.it\/fr\/prodotti\/908007\/#primaryimage\"},\"image\":{\"@id\":\"https:\/\/www.mcmtaps.it\/fr\/prodotti\/908007\/#primaryimage\"},\"thumbnailUrl\":\"https:\/\/www.mcmtaps.it\/fr\/wp-content\/uploads\/sites\/7\/908007.png\",\"datePublished\":\"2023-02-21T10:52:40+00:00\",\"dateModified\":\"2023-04-18T08:46:31+00:00\",\"description\":\"Robinet simple de lavabo temporis\u00e9 \u00e0 8-12 secondes \u00e0 commande \u00e0 levier. Installation au-dessus du plan. Raccord flexible G 1\/2\u201d\",\"breadcrumb\":{\"@id\":\"https:\/\/www.mcmtaps.it\/fr\/prodotti\/908007\/#breadcrumb\"},\"inLanguage\":\"fr-FR\",\"potentialAction\":[{\"@type\":\"ReadAction\",\"target\":[\"https:\/\/www.mcmtaps.it\/fr\/prodotti\/908007\/\"]}]},{\"@type\":\"ImageObject\",\"inLanguage\":\"fr-FR\",\"@id\":\"https:\/\/www.mcmtaps.it\/fr\/prodotti\/908007\/#primaryimage\",\"url\":\"https:\/\/www.mcmtaps.it\/fr\/wp-content\/uploads\/sites\/7\/908007.png\",\"contentUrl\":\"https:\/\/www.mcmtaps.it\/fr\/wp-content\/uploads\/sites\/7\/908007.png\",\"width\":2000,\"height\":3000},{\"@type\":\"BreadcrumbList\",\"@id\":\"https:\/\/www.mcmtaps.it\/fr\/prodotti\/908007\/#breadcrumb\",\"itemListElement\":[{\"@type\":\"ListItem\",\"position\":1,\"name\":\"Home\",\"item\":\"https:\/\/www.mcmtaps.it\/fr\/\"},{\"@type\":\"ListItem\",\"position\":2,\"name\":\"Produits\",\"item\":\"https:\/\/www.mcmtaps.it\/fr\/prodotti\/\"},{\"@type\":\"ListItem\",\"position\":3,\"name\":\"Robinets temporis\u00e9s - Tempomatic\",\"item\":\"https:\/\/www.mcmtaps.it\/fr\/categoria-prodotto\/temporizzati-tempomatic\/\"},{\"@type\":\"ListItem\",\"position\":4,\"name\":\"Lavabo simple\",\"item\":\"https:\/\/www.mcmtaps.it\/fr\/categoria-prodotto\/temporizzati-tempomatic\/lavabo-monoacqua\/\"},{\"@type\":\"ListItem\",\"position\":5,\"name\":\"908007\"}]},{\"@type\":\"WebSite\",\"@id\":\"https:\/\/www.mcmtaps.it\/fr\/#website\",\"url\":\"https:\/\/www.mcmtaps.it\/fr\/\",\"name\":\"MCM Rubinetterie | FR\",\"description\":\"\",\"potentialAction\":[{\"@type\":\"SearchAction\",\"target\":{\"@type\":\"EntryPoint\",\"urlTemplate\":\"https:\/\/www.mcmtaps.it\/fr\/?s={search_term_string}\"},\"query-input\":{\"@type\":\"PropertyValueSpecification\",\"valueRequired\":true,\"valueName\":\"search_term_string\"}}],\"inLanguage\":\"fr-FR\"}]}<\/script>\n<!-- \/ Yoast SEO plugin. -->","yoast_head_json":{"title":"908007 - MCM Rubinetterie | FR","description":"Robinet simple de lavabo temporis\u00e9 \u00e0 8-12 secondes \u00e0 commande \u00e0 levier. Installation au-dessus du plan. Raccord flexible G 1\/2\u201d","robots":{"index":"noindex","follow":"follow","max-snippet":"max-snippet:-1","max-image-preview":"max-image-preview:large","max-video-preview":"max-video-preview:-1"},"og_locale":"fr_FR","og_type":"article","og_title":"908007 - MCM Rubinetterie | FR","og_description":"Robinet simple de lavabo temporis\u00e9 \u00e0 8-12 secondes \u00e0 commande \u00e0 levier. Installation au-dessus du plan. Raccord flexible G 1\/2\u201d","og_url":"https:\/\/www.mcmtaps.it\/fr\/prodotti\/908007\/","og_site_name":"MCM Rubinetterie | FR","article_modified_time":"2023-04-18T08:46:31+00:00","og_image":[{"width":2000,"height":3000,"url":"https:\/\/www.mcmtaps.it\/fr\/wp-content\/uploads\/sites\/7\/908007.png","type":"image\/png"}],"twitter_card":"summary_large_image","twitter_misc":{"Dur\u00e9e de lecture estim\u00e9e":"1 minute"},"schema":{"@context":"https:\/\/schema.org","@graph":[{"@type":"WebPage","@id":"https:\/\/www.mcmtaps.it\/fr\/prodotti\/908007\/","url":"https:\/\/www.mcmtaps.it\/fr\/prodotti\/908007\/","name":"908007 - MCM Rubinetterie | FR","isPartOf":{"@id":"https:\/\/www.mcmtaps.it\/fr\/#website"},"primaryImageOfPage":{"@id":"https:\/\/www.mcmtaps.it\/fr\/prodotti\/908007\/#primaryimage"},"image":{"@id":"https:\/\/www.mcmtaps.it\/fr\/prodotti\/908007\/#primaryimage"},"thumbnailUrl":"https:\/\/www.mcmtaps.it\/fr\/wp-content\/uploads\/sites\/7\/908007.png","datePublished":"2023-02-21T10:52:40+00:00","dateModified":"2023-04-18T08:46:31+00:00","description":"Robinet simple de lavabo temporis\u00e9 \u00e0 8-12 secondes \u00e0 commande \u00e0 levier. Installation au-dessus du plan. Raccord flexible G 1\/2\u201d","breadcrumb":{"@id":"https:\/\/www.mcmtaps.it\/fr\/prodotti\/908007\/#breadcrumb"},"inLanguage":"fr-FR","potentialAction":[{"@type":"ReadAction","target":["https:\/\/www.mcmtaps.it\/fr\/prodotti\/908007\/"]}]},{"@type":"ImageObject","inLanguage":"fr-FR","@id":"https:\/\/www.mcmtaps.it\/fr\/prodotti\/908007\/#primaryimage","url":"https:\/\/www.mcmtaps.it\/fr\/wp-content\/uploads\/sites\/7\/908007.png","contentUrl":"https:\/\/www.mcmtaps.it\/fr\/wp-content\/uploads\/sites\/7\/908007.png","width":2000,"height":3000},{"@type":"BreadcrumbList","@id":"https:\/\/www.mcmtaps.it\/fr\/prodotti\/908007\/#breadcrumb","itemListElement":[{"@type":"ListItem","position":1,"name":"Home","item":"https:\/\/www.mcmtaps.it\/fr\/"},{"@type":"ListItem","position":2,"name":"Produits","item":"https:\/\/www.mcmtaps.it\/fr\/prodotti\/"},{"@type":"ListItem","position":3,"name":"Robinets temporis\u00e9s - Tempomatic","item":"https:\/\/www.mcmtaps.it\/fr\/categoria-prodotto\/temporizzati-tempomatic\/"},{"@type":"ListItem","position":4,"name":"Lavabo simple","item":"https:\/\/www.mcmtaps.it\/fr\/categoria-prodotto\/temporizzati-tempomatic\/lavabo-monoacqua\/"},{"@type":"ListItem","position":5,"name":"908007"}]},{"@type":"WebSite","@id":"https:\/\/www.mcmtaps.it\/fr\/#website","url":"https:\/\/www.mcmtaps.it\/fr\/","name":"MCM Rubinetterie | FR","description":"","potentialAction":[{"@type":"SearchAction","target":{"@type":"EntryPoint","urlTemplate":"https:\/\/www.mcmtaps.it\/fr\/?s={search_term_string}"},"query-input":{"@type":"PropertyValueSpecification","valueRequired":true,"valueName":"search_term_string"}}],"inLanguage":"fr-FR"}]}},"_links":{"self":[{"href":"https:\/\/www.mcmtaps.it\/fr\/wp-json\/wp\/v2\/product\/1702","targetHints":{"allow":["GET"]}}],"collection":[{"href":"https:\/\/www.mcmtaps.it\/fr\/wp-json\/wp\/v2\/product"}],"about":[{"href":"https:\/\/www.mcmtaps.it\/fr\/wp-json\/wp\/v2\/types\/product"}],"replies":[{"embeddable":true,"href":"https:\/\/www.mcmtaps.it\/fr\/wp-json\/wp\/v2\/comments?post=1702"}],"wp:featuredmedia":[{"embeddable":true,"href":"https:\/\/www.mcmtaps.it\/fr\/wp-json\/wp\/v2\/media\/2334"}],"wp:attachment":[{"href":"https:\/\/www.mcmtaps.it\/fr\/wp-json\/wp\/v2\/media?parent=1702"}],"wp:term":[{"taxonomy":"product_brand","embeddable":true,"href":"https:\/\/www.mcmtaps.it\/fr\/wp-json\/wp\/v2\/product_brand?post=1702"},{"taxonomy":"product_cat","embeddable":true,"href":"https:\/\/www.mcmtaps.it\/fr\/wp-json\/wp\/v2\/product_cat?post=1702"},{"taxonomy":"product_tag","embeddable":true,"href":"https:\/\/www.mcmtaps.it\/fr\/wp-json\/wp\/v2\/product_tag?post=1702"},{"taxonomy":"certificazioninew","embeddable":true,"href":"https:\/\/www.mcmtaps.it\/fr\/wp-json\/wp\/v2\/certificazioninew?post=1702"},{"taxonomy":"installazione","embeddable":true,"href":"https:\/\/www.mcmtaps.it\/fr\/wp-json\/wp\/v2\/installazione?post=1702"},{"taxonomy":"finiture","embeddable":true,"href":"https:\/\/www.mcmtaps.it\/fr\/wp-json\/wp\/v2\/finiture?post=1702"},{"taxonomy":"applicazioni","embeddable":true,"href":"https:\/\/www.mcmtaps.it\/fr\/wp-json\/wp\/v2\/applicazioni?post=1702"}],"curies":[{"name":"wp","href":"https:\/\/api.w.org\/{rel}","templated":true}]}}