{"id":1665,"date":"2023-02-21T11:52:17","date_gmt":"2023-02-21T10:52:17","guid":{"rendered":"https:\/\/www.mcmtaps.it\/fr\/prodotti\/900600\/"},"modified":"2023-04-18T11:24:14","modified_gmt":"2023-04-18T09:24:14","slug":"900600","status":"publish","type":"product","link":"https:\/\/www.mcmtaps.it\/fr\/prodotti\/900600\/","title":{"rendered":"900600"},"content":{"rendered":"<p>&#8211; Installation murale ext\u00e9rieure<br \/>\n&#8211; Raccord tige filet\u00e9e m\u00e2le G 1\/2\u201d<br \/>\n&#8211; R\u00e9glation du temp<br \/>\n&#8211; R\u00e9glation du d\u00e9bit<br \/>\n&#8211; Limiteur du debit (2 l\/min, 4 l\/min, 6 l\/min&#8230; etc)<br \/>\n&#8211; Syst\u00e8me anti-vandalisme<\/p>\n","protected":false},"excerpt":{"rendered":"<p>&#8211; Installation murale ext\u00e9rieure &#8211; Raccord tige filet\u00e9e m\u00e2le G 1\/2\u201d &#8211; R\u00e9glation du temp &#8211; R\u00e9glation du d\u00e9bit &#8211; Limiteur du debit (2 l\/min, 4 l\/min, 6 l\/min&#8230; etc) &#8211; Syst\u00e8me anti-vandalisme<\/p>\n","protected":false},"featured_media":1666,"comment_status":"closed","ping_status":"closed","template":"","meta":{"_acf_changed":false},"product_brand":[],"product_cat":[33,71],"product_tag":[],"certificazioninew":[99,100],"installazione":[58],"finiture":[42],"applicazioni":[22,28,20,21],"class_list":{"0":"post-1665","1":"product","2":"type-product","3":"status-publish","4":"has-post-thumbnail","6":"product_cat-temporizzati-tempomatic","7":"product_cat-orinatoio","8":"certificazioninew-acs","9":"certificazioninew-wras","10":"installazione-a-parete-incasso","11":"finiture-cromo","12":"applicazioni-spazi-commerciali","13":"applicazioni-luoghi-culturali","14":"applicazioni-strutture-ricettive","15":"applicazioni-strutture-sportive","17":"first","18":"instock","19":"product-type-simple"},"acf":[],"yoast_head":"<!-- This site is optimized with the Yoast SEO plugin v27.2 - https:\/\/yoast.com\/product\/yoast-seo-wordpress\/ -->\n<title>900600 - MCM Rubinetterie | FR<\/title>\n<meta name=\"description\" content=\"Robinet simple pour douche temporis\u00e9 \u00e0 15-25 secondes \u00e0 commande \u00e0 bouton. Installation murale ext\u00e9rieure. Raccord tige filet\u00e9e m\u00e2le G 1\/2\u201d\" \/>\n<meta name=\"robots\" content=\"noindex, follow, max-snippet:-1, max-image-preview:large, max-video-preview:-1\" \/>\n<meta property=\"og:locale\" content=\"fr_FR\" \/>\n<meta property=\"og:type\" content=\"article\" \/>\n<meta property=\"og:title\" content=\"900600 - MCM Rubinetterie | FR\" \/>\n<meta property=\"og:description\" content=\"Robinet simple pour douche temporis\u00e9 \u00e0 15-25 secondes \u00e0 commande \u00e0 bouton. Installation murale ext\u00e9rieure. Raccord tige filet\u00e9e m\u00e2le G 1\/2\u201d\" \/>\n<meta property=\"og:url\" content=\"https:\/\/www.mcmtaps.it\/fr\/prodotti\/900600\/\" \/>\n<meta property=\"og:site_name\" content=\"MCM Rubinetterie | FR\" \/>\n<meta property=\"article:modified_time\" content=\"2023-04-18T09:24:14+00:00\" \/>\n<meta property=\"og:image\" content=\"https:\/\/www.mcmtaps.it\/fr\/wp-content\/uploads\/sites\/7\/900600.jpg\" \/>\n\t<meta property=\"og:image:width\" content=\"580\" \/>\n\t<meta property=\"og:image:height\" content=\"373\" \/>\n\t<meta property=\"og:image:type\" content=\"image\/jpeg\" \/>\n<meta name=\"twitter:card\" content=\"summary_large_image\" \/>\n<meta name=\"twitter:label1\" content=\"Dur\u00e9e de lecture estim\u00e9e\" \/>\n\t<meta name=\"twitter:data1\" content=\"1 minute\" \/>\n<script type=\"application\/ld+json\" class=\"yoast-schema-graph\">{\"@context\":\"https:\/\/schema.org\",\"@graph\":[{\"@type\":\"WebPage\",\"@id\":\"https:\/\/www.mcmtaps.it\/fr\/prodotti\/900600\/\",\"url\":\"https:\/\/www.mcmtaps.it\/fr\/prodotti\/900600\/\",\"name\":\"900600 - MCM Rubinetterie | FR\",\"isPartOf\":{\"@id\":\"https:\/\/www.mcmtaps.it\/fr\/#website\"},\"primaryImageOfPage\":{\"@id\":\"https:\/\/www.mcmtaps.it\/fr\/prodotti\/900600\/#primaryimage\"},\"image\":{\"@id\":\"https:\/\/www.mcmtaps.it\/fr\/prodotti\/900600\/#primaryimage\"},\"thumbnailUrl\":\"https:\/\/www.mcmtaps.it\/fr\/wp-content\/uploads\/sites\/7\/900600.jpg\",\"datePublished\":\"2023-02-21T10:52:17+00:00\",\"dateModified\":\"2023-04-18T09:24:14+00:00\",\"description\":\"Robinet simple pour douche temporis\u00e9 \u00e0 15-25 secondes \u00e0 commande \u00e0 bouton. Installation murale ext\u00e9rieure. Raccord tige filet\u00e9e m\u00e2le G 1\/2\u201d\",\"breadcrumb\":{\"@id\":\"https:\/\/www.mcmtaps.it\/fr\/prodotti\/900600\/#breadcrumb\"},\"inLanguage\":\"fr-FR\",\"potentialAction\":[{\"@type\":\"ReadAction\",\"target\":[\"https:\/\/www.mcmtaps.it\/fr\/prodotti\/900600\/\"]}]},{\"@type\":\"ImageObject\",\"inLanguage\":\"fr-FR\",\"@id\":\"https:\/\/www.mcmtaps.it\/fr\/prodotti\/900600\/#primaryimage\",\"url\":\"https:\/\/www.mcmtaps.it\/fr\/wp-content\/uploads\/sites\/7\/900600.jpg\",\"contentUrl\":\"https:\/\/www.mcmtaps.it\/fr\/wp-content\/uploads\/sites\/7\/900600.jpg\",\"width\":580,\"height\":373},{\"@type\":\"BreadcrumbList\",\"@id\":\"https:\/\/www.mcmtaps.it\/fr\/prodotti\/900600\/#breadcrumb\",\"itemListElement\":[{\"@type\":\"ListItem\",\"position\":1,\"name\":\"Home\",\"item\":\"https:\/\/www.mcmtaps.it\/fr\/\"},{\"@type\":\"ListItem\",\"position\":2,\"name\":\"Produits\",\"item\":\"https:\/\/www.mcmtaps.it\/fr\/prodotti\/\"},{\"@type\":\"ListItem\",\"position\":3,\"name\":\"Robinets temporis\u00e9s - Tempomatic\",\"item\":\"https:\/\/www.mcmtaps.it\/fr\/categoria-prodotto\/temporizzati-tempomatic\/\"},{\"@type\":\"ListItem\",\"position\":4,\"name\":\"Urinoir\",\"item\":\"https:\/\/www.mcmtaps.it\/fr\/categoria-prodotto\/temporizzati-tempomatic\/orinatoio\/\"},{\"@type\":\"ListItem\",\"position\":5,\"name\":\"900600\"}]},{\"@type\":\"WebSite\",\"@id\":\"https:\/\/www.mcmtaps.it\/fr\/#website\",\"url\":\"https:\/\/www.mcmtaps.it\/fr\/\",\"name\":\"MCM Rubinetterie | FR\",\"description\":\"\",\"potentialAction\":[{\"@type\":\"SearchAction\",\"target\":{\"@type\":\"EntryPoint\",\"urlTemplate\":\"https:\/\/www.mcmtaps.it\/fr\/?s={search_term_string}\"},\"query-input\":{\"@type\":\"PropertyValueSpecification\",\"valueRequired\":true,\"valueName\":\"search_term_string\"}}],\"inLanguage\":\"fr-FR\"}]}<\/script>\n<!-- \/ Yoast SEO plugin. -->","yoast_head_json":{"title":"900600 - MCM Rubinetterie | FR","description":"Robinet simple pour douche temporis\u00e9 \u00e0 15-25 secondes \u00e0 commande \u00e0 bouton. Installation murale ext\u00e9rieure. Raccord tige filet\u00e9e m\u00e2le G 1\/2\u201d","robots":{"index":"noindex","follow":"follow","max-snippet":"max-snippet:-1","max-image-preview":"max-image-preview:large","max-video-preview":"max-video-preview:-1"},"og_locale":"fr_FR","og_type":"article","og_title":"900600 - MCM Rubinetterie | FR","og_description":"Robinet simple pour douche temporis\u00e9 \u00e0 15-25 secondes \u00e0 commande \u00e0 bouton. Installation murale ext\u00e9rieure. Raccord tige filet\u00e9e m\u00e2le G 1\/2\u201d","og_url":"https:\/\/www.mcmtaps.it\/fr\/prodotti\/900600\/","og_site_name":"MCM Rubinetterie | FR","article_modified_time":"2023-04-18T09:24:14+00:00","og_image":[{"width":580,"height":373,"url":"https:\/\/www.mcmtaps.it\/fr\/wp-content\/uploads\/sites\/7\/900600.jpg","type":"image\/jpeg"}],"twitter_card":"summary_large_image","twitter_misc":{"Dur\u00e9e de lecture estim\u00e9e":"1 minute"},"schema":{"@context":"https:\/\/schema.org","@graph":[{"@type":"WebPage","@id":"https:\/\/www.mcmtaps.it\/fr\/prodotti\/900600\/","url":"https:\/\/www.mcmtaps.it\/fr\/prodotti\/900600\/","name":"900600 - MCM Rubinetterie | FR","isPartOf":{"@id":"https:\/\/www.mcmtaps.it\/fr\/#website"},"primaryImageOfPage":{"@id":"https:\/\/www.mcmtaps.it\/fr\/prodotti\/900600\/#primaryimage"},"image":{"@id":"https:\/\/www.mcmtaps.it\/fr\/prodotti\/900600\/#primaryimage"},"thumbnailUrl":"https:\/\/www.mcmtaps.it\/fr\/wp-content\/uploads\/sites\/7\/900600.jpg","datePublished":"2023-02-21T10:52:17+00:00","dateModified":"2023-04-18T09:24:14+00:00","description":"Robinet simple pour douche temporis\u00e9 \u00e0 15-25 secondes \u00e0 commande \u00e0 bouton. Installation murale ext\u00e9rieure. Raccord tige filet\u00e9e m\u00e2le G 1\/2\u201d","breadcrumb":{"@id":"https:\/\/www.mcmtaps.it\/fr\/prodotti\/900600\/#breadcrumb"},"inLanguage":"fr-FR","potentialAction":[{"@type":"ReadAction","target":["https:\/\/www.mcmtaps.it\/fr\/prodotti\/900600\/"]}]},{"@type":"ImageObject","inLanguage":"fr-FR","@id":"https:\/\/www.mcmtaps.it\/fr\/prodotti\/900600\/#primaryimage","url":"https:\/\/www.mcmtaps.it\/fr\/wp-content\/uploads\/sites\/7\/900600.jpg","contentUrl":"https:\/\/www.mcmtaps.it\/fr\/wp-content\/uploads\/sites\/7\/900600.jpg","width":580,"height":373},{"@type":"BreadcrumbList","@id":"https:\/\/www.mcmtaps.it\/fr\/prodotti\/900600\/#breadcrumb","itemListElement":[{"@type":"ListItem","position":1,"name":"Home","item":"https:\/\/www.mcmtaps.it\/fr\/"},{"@type":"ListItem","position":2,"name":"Produits","item":"https:\/\/www.mcmtaps.it\/fr\/prodotti\/"},{"@type":"ListItem","position":3,"name":"Robinets temporis\u00e9s - Tempomatic","item":"https:\/\/www.mcmtaps.it\/fr\/categoria-prodotto\/temporizzati-tempomatic\/"},{"@type":"ListItem","position":4,"name":"Urinoir","item":"https:\/\/www.mcmtaps.it\/fr\/categoria-prodotto\/temporizzati-tempomatic\/orinatoio\/"},{"@type":"ListItem","position":5,"name":"900600"}]},{"@type":"WebSite","@id":"https:\/\/www.mcmtaps.it\/fr\/#website","url":"https:\/\/www.mcmtaps.it\/fr\/","name":"MCM Rubinetterie | FR","description":"","potentialAction":[{"@type":"SearchAction","target":{"@type":"EntryPoint","urlTemplate":"https:\/\/www.mcmtaps.it\/fr\/?s={search_term_string}"},"query-input":{"@type":"PropertyValueSpecification","valueRequired":true,"valueName":"search_term_string"}}],"inLanguage":"fr-FR"}]}},"_links":{"self":[{"href":"https:\/\/www.mcmtaps.it\/fr\/wp-json\/wp\/v2\/product\/1665","targetHints":{"allow":["GET"]}}],"collection":[{"href":"https:\/\/www.mcmtaps.it\/fr\/wp-json\/wp\/v2\/product"}],"about":[{"href":"https:\/\/www.mcmtaps.it\/fr\/wp-json\/wp\/v2\/types\/product"}],"replies":[{"embeddable":true,"href":"https:\/\/www.mcmtaps.it\/fr\/wp-json\/wp\/v2\/comments?post=1665"}],"wp:featuredmedia":[{"embeddable":true,"href":"https:\/\/www.mcmtaps.it\/fr\/wp-json\/wp\/v2\/media\/1666"}],"wp:attachment":[{"href":"https:\/\/www.mcmtaps.it\/fr\/wp-json\/wp\/v2\/media?parent=1665"}],"wp:term":[{"taxonomy":"product_brand","embeddable":true,"href":"https:\/\/www.mcmtaps.it\/fr\/wp-json\/wp\/v2\/product_brand?post=1665"},{"taxonomy":"product_cat","embeddable":true,"href":"https:\/\/www.mcmtaps.it\/fr\/wp-json\/wp\/v2\/product_cat?post=1665"},{"taxonomy":"product_tag","embeddable":true,"href":"https:\/\/www.mcmtaps.it\/fr\/wp-json\/wp\/v2\/product_tag?post=1665"},{"taxonomy":"certificazioninew","embeddable":true,"href":"https:\/\/www.mcmtaps.it\/fr\/wp-json\/wp\/v2\/certificazioninew?post=1665"},{"taxonomy":"installazione","embeddable":true,"href":"https:\/\/www.mcmtaps.it\/fr\/wp-json\/wp\/v2\/installazione?post=1665"},{"taxonomy":"finiture","embeddable":true,"href":"https:\/\/www.mcmtaps.it\/fr\/wp-json\/wp\/v2\/finiture?post=1665"},{"taxonomy":"applicazioni","embeddable":true,"href":"https:\/\/www.mcmtaps.it\/fr\/wp-json\/wp\/v2\/applicazioni?post=1665"}],"curies":[{"name":"wp","href":"https:\/\/api.w.org\/{rel}","templated":true}]}}