{"id":1559,"date":"2023-02-21T11:50:33","date_gmt":"2023-02-21T10:50:33","guid":{"rendered":"https:\/\/www.mcmtaps.it\/fr\/prodotti\/702502\/"},"modified":"2023-04-17T15:59:33","modified_gmt":"2023-04-17T13:59:33","slug":"702502","status":"publish","type":"product","link":"https:\/\/www.mcmtaps.it\/fr\/prodotti\/702502\/","title":{"rendered":"702502"},"content":{"rendered":"<p>&#8211; Installation au-dessus du plan<br \/>\n&#8211; Raccord flexible G 1\/2\u201d<br \/>\n&#8211; Limiteur du debit (2 l\/min, 4 l\/min, 6 l\/min&#8230; etc) <\/p>\n","protected":false},"excerpt":{"rendered":"<p>&#8211; Installation au-dessus du plan &#8211; Raccord flexible G 1\/2\u201d &#8211; Limiteur du debit (2 l\/min, 4 l\/min, 6 l\/min&#8230; etc)<\/p>\n","protected":false},"featured_media":1560,"comment_status":"closed","ping_status":"closed","template":"","meta":{"_acf_changed":false},"product_brand":[],"product_cat":[39,32],"product_tag":[],"certificazioninew":[],"installazione":[52],"finiture":[42],"applicazioni":[22,53,26,23,24,20,21],"class_list":{"0":"post-1559","1":"product","2":"type-product","3":"status-publish","4":"has-post-thumbnail","6":"product_cat-lavabo","7":"product_cat-elettronici-aqua-sensor","8":"installazione-sopra-piano","9":"finiture-cromo","10":"applicazioni-spazi-commerciali","11":"applicazioni-industrie-ed-aziende","12":"applicazioni-enti-pubblici","13":"applicazioni-disabili","14":"applicazioni-strutture-sanitarie","15":"applicazioni-strutture-ricettive","16":"applicazioni-strutture-sportive","18":"first","19":"instock","20":"product-type-simple"},"acf":[],"yoast_head":"<!-- This site is optimized with the Yoast SEO plugin v27.2 - https:\/\/yoast.com\/product\/yoast-seo-wordpress\/ -->\n<title>702502 - MCM Rubinetterie | FR<\/title>\n<meta name=\"description\" content=\"Robinet mitigeur de lavabo \u00e0 commande \u00e9lectronique et aliment\u00e9 sur secteur. Installation au-dessus du plan. Raccord flexible G 1\/2\u201d\" \/>\n<meta name=\"robots\" content=\"noindex, follow, max-snippet:-1, max-image-preview:large, max-video-preview:-1\" \/>\n<meta property=\"og:locale\" content=\"fr_FR\" \/>\n<meta property=\"og:type\" content=\"article\" \/>\n<meta property=\"og:title\" content=\"702502 - MCM Rubinetterie | FR\" \/>\n<meta property=\"og:description\" content=\"Robinet mitigeur de lavabo \u00e0 commande \u00e9lectronique et aliment\u00e9 sur secteur. Installation au-dessus du plan. Raccord flexible G 1\/2\u201d\" \/>\n<meta property=\"og:url\" content=\"https:\/\/www.mcmtaps.it\/fr\/prodotti\/702502\/\" \/>\n<meta property=\"og:site_name\" content=\"MCM Rubinetterie | FR\" \/>\n<meta property=\"article:modified_time\" content=\"2023-04-17T13:59:33+00:00\" \/>\n<meta property=\"og:image\" content=\"https:\/\/www.mcmtaps.it\/fr\/wp-content\/uploads\/sites\/7\/702502.jpg\" \/>\n\t<meta property=\"og:image:width\" content=\"580\" \/>\n\t<meta property=\"og:image:height\" content=\"373\" \/>\n\t<meta property=\"og:image:type\" content=\"image\/jpeg\" \/>\n<meta name=\"twitter:card\" content=\"summary_large_image\" \/>\n<meta name=\"twitter:label1\" content=\"Dur\u00e9e de lecture estim\u00e9e\" \/>\n\t<meta name=\"twitter:data1\" content=\"1 minute\" \/>\n<script type=\"application\/ld+json\" class=\"yoast-schema-graph\">{\"@context\":\"https:\/\/schema.org\",\"@graph\":[{\"@type\":\"WebPage\",\"@id\":\"https:\/\/www.mcmtaps.it\/fr\/prodotti\/702502\/\",\"url\":\"https:\/\/www.mcmtaps.it\/fr\/prodotti\/702502\/\",\"name\":\"702502 - MCM Rubinetterie | FR\",\"isPartOf\":{\"@id\":\"https:\/\/www.mcmtaps.it\/fr\/#website\"},\"primaryImageOfPage\":{\"@id\":\"https:\/\/www.mcmtaps.it\/fr\/prodotti\/702502\/#primaryimage\"},\"image\":{\"@id\":\"https:\/\/www.mcmtaps.it\/fr\/prodotti\/702502\/#primaryimage\"},\"thumbnailUrl\":\"https:\/\/www.mcmtaps.it\/fr\/wp-content\/uploads\/sites\/7\/702502.jpg\",\"datePublished\":\"2023-02-21T10:50:33+00:00\",\"dateModified\":\"2023-04-17T13:59:33+00:00\",\"description\":\"Robinet mitigeur de lavabo \u00e0 commande \u00e9lectronique et aliment\u00e9 sur secteur. Installation au-dessus du plan. Raccord flexible G 1\/2\u201d\",\"breadcrumb\":{\"@id\":\"https:\/\/www.mcmtaps.it\/fr\/prodotti\/702502\/#breadcrumb\"},\"inLanguage\":\"fr-FR\",\"potentialAction\":[{\"@type\":\"ReadAction\",\"target\":[\"https:\/\/www.mcmtaps.it\/fr\/prodotti\/702502\/\"]}]},{\"@type\":\"ImageObject\",\"inLanguage\":\"fr-FR\",\"@id\":\"https:\/\/www.mcmtaps.it\/fr\/prodotti\/702502\/#primaryimage\",\"url\":\"https:\/\/www.mcmtaps.it\/fr\/wp-content\/uploads\/sites\/7\/702502.jpg\",\"contentUrl\":\"https:\/\/www.mcmtaps.it\/fr\/wp-content\/uploads\/sites\/7\/702502.jpg\",\"width\":580,\"height\":373},{\"@type\":\"BreadcrumbList\",\"@id\":\"https:\/\/www.mcmtaps.it\/fr\/prodotti\/702502\/#breadcrumb\",\"itemListElement\":[{\"@type\":\"ListItem\",\"position\":1,\"name\":\"Home\",\"item\":\"https:\/\/www.mcmtaps.it\/fr\/\"},{\"@type\":\"ListItem\",\"position\":2,\"name\":\"Produits\",\"item\":\"https:\/\/www.mcmtaps.it\/fr\/prodotti\/\"},{\"@type\":\"ListItem\",\"position\":3,\"name\":\"Robinets \u00e9lectroniques - Aqua Sensor\",\"item\":\"https:\/\/www.mcmtaps.it\/fr\/categoria-prodotto\/elettronici-aqua-sensor\/\"},{\"@type\":\"ListItem\",\"position\":4,\"name\":\"Lavabo\",\"item\":\"https:\/\/www.mcmtaps.it\/fr\/categoria-prodotto\/elettronici-aqua-sensor\/lavabo\/\"},{\"@type\":\"ListItem\",\"position\":5,\"name\":\"702502\"}]},{\"@type\":\"WebSite\",\"@id\":\"https:\/\/www.mcmtaps.it\/fr\/#website\",\"url\":\"https:\/\/www.mcmtaps.it\/fr\/\",\"name\":\"MCM Rubinetterie | FR\",\"description\":\"\",\"potentialAction\":[{\"@type\":\"SearchAction\",\"target\":{\"@type\":\"EntryPoint\",\"urlTemplate\":\"https:\/\/www.mcmtaps.it\/fr\/?s={search_term_string}\"},\"query-input\":{\"@type\":\"PropertyValueSpecification\",\"valueRequired\":true,\"valueName\":\"search_term_string\"}}],\"inLanguage\":\"fr-FR\"}]}<\/script>\n<!-- \/ Yoast SEO plugin. -->","yoast_head_json":{"title":"702502 - MCM Rubinetterie | FR","description":"Robinet mitigeur de lavabo \u00e0 commande \u00e9lectronique et aliment\u00e9 sur secteur. Installation au-dessus du plan. Raccord flexible G 1\/2\u201d","robots":{"index":"noindex","follow":"follow","max-snippet":"max-snippet:-1","max-image-preview":"max-image-preview:large","max-video-preview":"max-video-preview:-1"},"og_locale":"fr_FR","og_type":"article","og_title":"702502 - MCM Rubinetterie | FR","og_description":"Robinet mitigeur de lavabo \u00e0 commande \u00e9lectronique et aliment\u00e9 sur secteur. Installation au-dessus du plan. Raccord flexible G 1\/2\u201d","og_url":"https:\/\/www.mcmtaps.it\/fr\/prodotti\/702502\/","og_site_name":"MCM Rubinetterie | FR","article_modified_time":"2023-04-17T13:59:33+00:00","og_image":[{"width":580,"height":373,"url":"https:\/\/www.mcmtaps.it\/fr\/wp-content\/uploads\/sites\/7\/702502.jpg","type":"image\/jpeg"}],"twitter_card":"summary_large_image","twitter_misc":{"Dur\u00e9e de lecture estim\u00e9e":"1 minute"},"schema":{"@context":"https:\/\/schema.org","@graph":[{"@type":"WebPage","@id":"https:\/\/www.mcmtaps.it\/fr\/prodotti\/702502\/","url":"https:\/\/www.mcmtaps.it\/fr\/prodotti\/702502\/","name":"702502 - MCM Rubinetterie | FR","isPartOf":{"@id":"https:\/\/www.mcmtaps.it\/fr\/#website"},"primaryImageOfPage":{"@id":"https:\/\/www.mcmtaps.it\/fr\/prodotti\/702502\/#primaryimage"},"image":{"@id":"https:\/\/www.mcmtaps.it\/fr\/prodotti\/702502\/#primaryimage"},"thumbnailUrl":"https:\/\/www.mcmtaps.it\/fr\/wp-content\/uploads\/sites\/7\/702502.jpg","datePublished":"2023-02-21T10:50:33+00:00","dateModified":"2023-04-17T13:59:33+00:00","description":"Robinet mitigeur de lavabo \u00e0 commande \u00e9lectronique et aliment\u00e9 sur secteur. Installation au-dessus du plan. Raccord flexible G 1\/2\u201d","breadcrumb":{"@id":"https:\/\/www.mcmtaps.it\/fr\/prodotti\/702502\/#breadcrumb"},"inLanguage":"fr-FR","potentialAction":[{"@type":"ReadAction","target":["https:\/\/www.mcmtaps.it\/fr\/prodotti\/702502\/"]}]},{"@type":"ImageObject","inLanguage":"fr-FR","@id":"https:\/\/www.mcmtaps.it\/fr\/prodotti\/702502\/#primaryimage","url":"https:\/\/www.mcmtaps.it\/fr\/wp-content\/uploads\/sites\/7\/702502.jpg","contentUrl":"https:\/\/www.mcmtaps.it\/fr\/wp-content\/uploads\/sites\/7\/702502.jpg","width":580,"height":373},{"@type":"BreadcrumbList","@id":"https:\/\/www.mcmtaps.it\/fr\/prodotti\/702502\/#breadcrumb","itemListElement":[{"@type":"ListItem","position":1,"name":"Home","item":"https:\/\/www.mcmtaps.it\/fr\/"},{"@type":"ListItem","position":2,"name":"Produits","item":"https:\/\/www.mcmtaps.it\/fr\/prodotti\/"},{"@type":"ListItem","position":3,"name":"Robinets \u00e9lectroniques - Aqua Sensor","item":"https:\/\/www.mcmtaps.it\/fr\/categoria-prodotto\/elettronici-aqua-sensor\/"},{"@type":"ListItem","position":4,"name":"Lavabo","item":"https:\/\/www.mcmtaps.it\/fr\/categoria-prodotto\/elettronici-aqua-sensor\/lavabo\/"},{"@type":"ListItem","position":5,"name":"702502"}]},{"@type":"WebSite","@id":"https:\/\/www.mcmtaps.it\/fr\/#website","url":"https:\/\/www.mcmtaps.it\/fr\/","name":"MCM Rubinetterie | FR","description":"","potentialAction":[{"@type":"SearchAction","target":{"@type":"EntryPoint","urlTemplate":"https:\/\/www.mcmtaps.it\/fr\/?s={search_term_string}"},"query-input":{"@type":"PropertyValueSpecification","valueRequired":true,"valueName":"search_term_string"}}],"inLanguage":"fr-FR"}]}},"_links":{"self":[{"href":"https:\/\/www.mcmtaps.it\/fr\/wp-json\/wp\/v2\/product\/1559","targetHints":{"allow":["GET"]}}],"collection":[{"href":"https:\/\/www.mcmtaps.it\/fr\/wp-json\/wp\/v2\/product"}],"about":[{"href":"https:\/\/www.mcmtaps.it\/fr\/wp-json\/wp\/v2\/types\/product"}],"replies":[{"embeddable":true,"href":"https:\/\/www.mcmtaps.it\/fr\/wp-json\/wp\/v2\/comments?post=1559"}],"wp:featuredmedia":[{"embeddable":true,"href":"https:\/\/www.mcmtaps.it\/fr\/wp-json\/wp\/v2\/media\/1560"}],"wp:attachment":[{"href":"https:\/\/www.mcmtaps.it\/fr\/wp-json\/wp\/v2\/media?parent=1559"}],"wp:term":[{"taxonomy":"product_brand","embeddable":true,"href":"https:\/\/www.mcmtaps.it\/fr\/wp-json\/wp\/v2\/product_brand?post=1559"},{"taxonomy":"product_cat","embeddable":true,"href":"https:\/\/www.mcmtaps.it\/fr\/wp-json\/wp\/v2\/product_cat?post=1559"},{"taxonomy":"product_tag","embeddable":true,"href":"https:\/\/www.mcmtaps.it\/fr\/wp-json\/wp\/v2\/product_tag?post=1559"},{"taxonomy":"certificazioninew","embeddable":true,"href":"https:\/\/www.mcmtaps.it\/fr\/wp-json\/wp\/v2\/certificazioninew?post=1559"},{"taxonomy":"installazione","embeddable":true,"href":"https:\/\/www.mcmtaps.it\/fr\/wp-json\/wp\/v2\/installazione?post=1559"},{"taxonomy":"finiture","embeddable":true,"href":"https:\/\/www.mcmtaps.it\/fr\/wp-json\/wp\/v2\/finiture?post=1559"},{"taxonomy":"applicazioni","embeddable":true,"href":"https:\/\/www.mcmtaps.it\/fr\/wp-json\/wp\/v2\/applicazioni?post=1559"}],"curies":[{"name":"wp","href":"https:\/\/api.w.org\/{rel}","templated":true}]}}