{"id":1547,"date":"2023-02-21T11:50:33","date_gmt":"2023-02-21T10:50:33","guid":{"rendered":"https:\/\/www.mcmtaps.it\/fr\/prodotti\/701401\/"},"modified":"2023-04-17T16:12:12","modified_gmt":"2023-04-17T14:12:12","slug":"701401","status":"publish","type":"product","link":"https:\/\/www.mcmtaps.it\/fr\/prodotti\/701401\/","title":{"rendered":"701401"},"content":{"rendered":"<p>&#8211; Raccord tige filet\u00e9e m\u00e2le G 1\/2\u201d<br \/>\n&#8211; Limiteur du debit (2 l\/min, 4 l\/min, 6 l\/min&#8230; etc) <\/p>\n","protected":false},"excerpt":{"rendered":"<p>&#8211; Raccord tige filet\u00e9e m\u00e2le G 1\/2\u201d &#8211; Limiteur du debit (2 l\/min, 4 l\/min, 6 l\/min&#8230; etc)<\/p>\n","protected":false},"featured_media":1548,"comment_status":"closed","ping_status":"closed","template":"","meta":{"_acf_changed":false},"product_brand":[],"product_cat":[32,37],"product_tag":[],"certificazioninew":[],"installazione":[58],"finiture":[104],"applicazioni":[22,28,53,24,20,21],"class_list":{"0":"post-1547","1":"product","2":"type-product","3":"status-publish","4":"has-post-thumbnail","6":"product_cat-elettronici-aqua-sensor","7":"product_cat-orinatoio-da-incasso","8":"installazione-a-parete-incasso","9":"finiture-acciaio-spazzolato","10":"applicazioni-spazi-commerciali","11":"applicazioni-luoghi-culturali","12":"applicazioni-industrie-ed-aziende","13":"applicazioni-strutture-sanitarie","14":"applicazioni-strutture-ricettive","15":"applicazioni-strutture-sportive","17":"first","18":"instock","19":"product-type-simple"},"acf":[],"yoast_head":"<!-- This site is optimized with the Yoast SEO plugin v27.2 - https:\/\/yoast.com\/product\/yoast-seo-wordpress\/ -->\n<title>701401 - MCM Rubinetterie | FR<\/title>\n<meta name=\"description\" content=\"Urinoir \u00e0 commande \u00e9lectronique, aliment\u00e9 par piles et \u00e0 installation encastrable. Raccord tige filet\u00e9e m\u00e2le G 1\/2\u201d\" \/>\n<meta name=\"robots\" content=\"noindex, follow, max-snippet:-1, max-image-preview:large, max-video-preview:-1\" \/>\n<meta property=\"og:locale\" content=\"fr_FR\" \/>\n<meta property=\"og:type\" content=\"article\" \/>\n<meta property=\"og:title\" content=\"701401 - MCM Rubinetterie | FR\" \/>\n<meta property=\"og:description\" content=\"Urinoir \u00e0 commande \u00e9lectronique, aliment\u00e9 par piles et \u00e0 installation encastrable. Raccord tige filet\u00e9e m\u00e2le G 1\/2\u201d\" \/>\n<meta property=\"og:url\" content=\"https:\/\/www.mcmtaps.it\/fr\/prodotti\/701401\/\" \/>\n<meta property=\"og:site_name\" content=\"MCM Rubinetterie | FR\" \/>\n<meta property=\"article:modified_time\" content=\"2023-04-17T14:12:12+00:00\" \/>\n<meta property=\"og:image\" content=\"https:\/\/www.mcmtaps.it\/fr\/wp-content\/uploads\/sites\/7\/701401-2-e1678222331578.jpg\" \/>\n\t<meta property=\"og:image:width\" content=\"1280\" \/>\n\t<meta property=\"og:image:height\" content=\"853\" \/>\n\t<meta property=\"og:image:type\" content=\"image\/jpeg\" \/>\n<meta name=\"twitter:card\" content=\"summary_large_image\" \/>\n<meta name=\"twitter:label1\" content=\"Dur\u00e9e de lecture estim\u00e9e\" \/>\n\t<meta name=\"twitter:data1\" content=\"1 minute\" \/>\n<script type=\"application\/ld+json\" class=\"yoast-schema-graph\">{\"@context\":\"https:\/\/schema.org\",\"@graph\":[{\"@type\":\"WebPage\",\"@id\":\"https:\/\/www.mcmtaps.it\/fr\/prodotti\/701401\/\",\"url\":\"https:\/\/www.mcmtaps.it\/fr\/prodotti\/701401\/\",\"name\":\"701401 - MCM Rubinetterie | FR\",\"isPartOf\":{\"@id\":\"https:\/\/www.mcmtaps.it\/fr\/#website\"},\"primaryImageOfPage\":{\"@id\":\"https:\/\/www.mcmtaps.it\/fr\/prodotti\/701401\/#primaryimage\"},\"image\":{\"@id\":\"https:\/\/www.mcmtaps.it\/fr\/prodotti\/701401\/#primaryimage\"},\"thumbnailUrl\":\"https:\/\/www.mcmtaps.it\/fr\/wp-content\/uploads\/sites\/7\/701401-2-e1678222331578.jpg\",\"datePublished\":\"2023-02-21T10:50:33+00:00\",\"dateModified\":\"2023-04-17T14:12:12+00:00\",\"description\":\"Urinoir \u00e0 commande \u00e9lectronique, aliment\u00e9 par piles et \u00e0 installation encastrable. Raccord tige filet\u00e9e m\u00e2le G 1\/2\u201d\",\"breadcrumb\":{\"@id\":\"https:\/\/www.mcmtaps.it\/fr\/prodotti\/701401\/#breadcrumb\"},\"inLanguage\":\"fr-FR\",\"potentialAction\":[{\"@type\":\"ReadAction\",\"target\":[\"https:\/\/www.mcmtaps.it\/fr\/prodotti\/701401\/\"]}]},{\"@type\":\"ImageObject\",\"inLanguage\":\"fr-FR\",\"@id\":\"https:\/\/www.mcmtaps.it\/fr\/prodotti\/701401\/#primaryimage\",\"url\":\"https:\/\/www.mcmtaps.it\/fr\/wp-content\/uploads\/sites\/7\/701401-2-e1678222331578.jpg\",\"contentUrl\":\"https:\/\/www.mcmtaps.it\/fr\/wp-content\/uploads\/sites\/7\/701401-2-e1678222331578.jpg\",\"width\":1280,\"height\":853},{\"@type\":\"BreadcrumbList\",\"@id\":\"https:\/\/www.mcmtaps.it\/fr\/prodotti\/701401\/#breadcrumb\",\"itemListElement\":[{\"@type\":\"ListItem\",\"position\":1,\"name\":\"Home\",\"item\":\"https:\/\/www.mcmtaps.it\/fr\/\"},{\"@type\":\"ListItem\",\"position\":2,\"name\":\"Produits\",\"item\":\"https:\/\/www.mcmtaps.it\/fr\/prodotti\/\"},{\"@type\":\"ListItem\",\"position\":3,\"name\":\"Robinets \u00e9lectroniques - Aqua Sensor\",\"item\":\"https:\/\/www.mcmtaps.it\/fr\/categoria-prodotto\/elettronici-aqua-sensor\/\"},{\"@type\":\"ListItem\",\"position\":4,\"name\":\"Urinoir encastr\u00e9\",\"item\":\"https:\/\/www.mcmtaps.it\/fr\/categoria-prodotto\/elettronici-aqua-sensor\/orinatoio-da-incasso\/\"},{\"@type\":\"ListItem\",\"position\":5,\"name\":\"701401\"}]},{\"@type\":\"WebSite\",\"@id\":\"https:\/\/www.mcmtaps.it\/fr\/#website\",\"url\":\"https:\/\/www.mcmtaps.it\/fr\/\",\"name\":\"MCM Rubinetterie | FR\",\"description\":\"\",\"potentialAction\":[{\"@type\":\"SearchAction\",\"target\":{\"@type\":\"EntryPoint\",\"urlTemplate\":\"https:\/\/www.mcmtaps.it\/fr\/?s={search_term_string}\"},\"query-input\":{\"@type\":\"PropertyValueSpecification\",\"valueRequired\":true,\"valueName\":\"search_term_string\"}}],\"inLanguage\":\"fr-FR\"}]}<\/script>\n<!-- \/ Yoast SEO plugin. -->","yoast_head_json":{"title":"701401 - MCM Rubinetterie | FR","description":"Urinoir \u00e0 commande \u00e9lectronique, aliment\u00e9 par piles et \u00e0 installation encastrable. Raccord tige filet\u00e9e m\u00e2le G 1\/2\u201d","robots":{"index":"noindex","follow":"follow","max-snippet":"max-snippet:-1","max-image-preview":"max-image-preview:large","max-video-preview":"max-video-preview:-1"},"og_locale":"fr_FR","og_type":"article","og_title":"701401 - MCM Rubinetterie | FR","og_description":"Urinoir \u00e0 commande \u00e9lectronique, aliment\u00e9 par piles et \u00e0 installation encastrable. Raccord tige filet\u00e9e m\u00e2le G 1\/2\u201d","og_url":"https:\/\/www.mcmtaps.it\/fr\/prodotti\/701401\/","og_site_name":"MCM Rubinetterie | FR","article_modified_time":"2023-04-17T14:12:12+00:00","og_image":[{"width":1280,"height":853,"url":"https:\/\/www.mcmtaps.it\/fr\/wp-content\/uploads\/sites\/7\/701401-2-e1678222331578.jpg","type":"image\/jpeg"}],"twitter_card":"summary_large_image","twitter_misc":{"Dur\u00e9e de lecture estim\u00e9e":"1 minute"},"schema":{"@context":"https:\/\/schema.org","@graph":[{"@type":"WebPage","@id":"https:\/\/www.mcmtaps.it\/fr\/prodotti\/701401\/","url":"https:\/\/www.mcmtaps.it\/fr\/prodotti\/701401\/","name":"701401 - MCM Rubinetterie | FR","isPartOf":{"@id":"https:\/\/www.mcmtaps.it\/fr\/#website"},"primaryImageOfPage":{"@id":"https:\/\/www.mcmtaps.it\/fr\/prodotti\/701401\/#primaryimage"},"image":{"@id":"https:\/\/www.mcmtaps.it\/fr\/prodotti\/701401\/#primaryimage"},"thumbnailUrl":"https:\/\/www.mcmtaps.it\/fr\/wp-content\/uploads\/sites\/7\/701401-2-e1678222331578.jpg","datePublished":"2023-02-21T10:50:33+00:00","dateModified":"2023-04-17T14:12:12+00:00","description":"Urinoir \u00e0 commande \u00e9lectronique, aliment\u00e9 par piles et \u00e0 installation encastrable. Raccord tige filet\u00e9e m\u00e2le G 1\/2\u201d","breadcrumb":{"@id":"https:\/\/www.mcmtaps.it\/fr\/prodotti\/701401\/#breadcrumb"},"inLanguage":"fr-FR","potentialAction":[{"@type":"ReadAction","target":["https:\/\/www.mcmtaps.it\/fr\/prodotti\/701401\/"]}]},{"@type":"ImageObject","inLanguage":"fr-FR","@id":"https:\/\/www.mcmtaps.it\/fr\/prodotti\/701401\/#primaryimage","url":"https:\/\/www.mcmtaps.it\/fr\/wp-content\/uploads\/sites\/7\/701401-2-e1678222331578.jpg","contentUrl":"https:\/\/www.mcmtaps.it\/fr\/wp-content\/uploads\/sites\/7\/701401-2-e1678222331578.jpg","width":1280,"height":853},{"@type":"BreadcrumbList","@id":"https:\/\/www.mcmtaps.it\/fr\/prodotti\/701401\/#breadcrumb","itemListElement":[{"@type":"ListItem","position":1,"name":"Home","item":"https:\/\/www.mcmtaps.it\/fr\/"},{"@type":"ListItem","position":2,"name":"Produits","item":"https:\/\/www.mcmtaps.it\/fr\/prodotti\/"},{"@type":"ListItem","position":3,"name":"Robinets \u00e9lectroniques - Aqua Sensor","item":"https:\/\/www.mcmtaps.it\/fr\/categoria-prodotto\/elettronici-aqua-sensor\/"},{"@type":"ListItem","position":4,"name":"Urinoir encastr\u00e9","item":"https:\/\/www.mcmtaps.it\/fr\/categoria-prodotto\/elettronici-aqua-sensor\/orinatoio-da-incasso\/"},{"@type":"ListItem","position":5,"name":"701401"}]},{"@type":"WebSite","@id":"https:\/\/www.mcmtaps.it\/fr\/#website","url":"https:\/\/www.mcmtaps.it\/fr\/","name":"MCM Rubinetterie | FR","description":"","potentialAction":[{"@type":"SearchAction","target":{"@type":"EntryPoint","urlTemplate":"https:\/\/www.mcmtaps.it\/fr\/?s={search_term_string}"},"query-input":{"@type":"PropertyValueSpecification","valueRequired":true,"valueName":"search_term_string"}}],"inLanguage":"fr-FR"}]}},"_links":{"self":[{"href":"https:\/\/www.mcmtaps.it\/fr\/wp-json\/wp\/v2\/product\/1547","targetHints":{"allow":["GET"]}}],"collection":[{"href":"https:\/\/www.mcmtaps.it\/fr\/wp-json\/wp\/v2\/product"}],"about":[{"href":"https:\/\/www.mcmtaps.it\/fr\/wp-json\/wp\/v2\/types\/product"}],"replies":[{"embeddable":true,"href":"https:\/\/www.mcmtaps.it\/fr\/wp-json\/wp\/v2\/comments?post=1547"}],"wp:featuredmedia":[{"embeddable":true,"href":"https:\/\/www.mcmtaps.it\/fr\/wp-json\/wp\/v2\/media\/1548"}],"wp:attachment":[{"href":"https:\/\/www.mcmtaps.it\/fr\/wp-json\/wp\/v2\/media?parent=1547"}],"wp:term":[{"taxonomy":"product_brand","embeddable":true,"href":"https:\/\/www.mcmtaps.it\/fr\/wp-json\/wp\/v2\/product_brand?post=1547"},{"taxonomy":"product_cat","embeddable":true,"href":"https:\/\/www.mcmtaps.it\/fr\/wp-json\/wp\/v2\/product_cat?post=1547"},{"taxonomy":"product_tag","embeddable":true,"href":"https:\/\/www.mcmtaps.it\/fr\/wp-json\/wp\/v2\/product_tag?post=1547"},{"taxonomy":"certificazioninew","embeddable":true,"href":"https:\/\/www.mcmtaps.it\/fr\/wp-json\/wp\/v2\/certificazioninew?post=1547"},{"taxonomy":"installazione","embeddable":true,"href":"https:\/\/www.mcmtaps.it\/fr\/wp-json\/wp\/v2\/installazione?post=1547"},{"taxonomy":"finiture","embeddable":true,"href":"https:\/\/www.mcmtaps.it\/fr\/wp-json\/wp\/v2\/finiture?post=1547"},{"taxonomy":"applicazioni","embeddable":true,"href":"https:\/\/www.mcmtaps.it\/fr\/wp-json\/wp\/v2\/applicazioni?post=1547"}],"curies":[{"name":"wp","href":"https:\/\/api.w.org\/{rel}","templated":true}]}}