{"id":222,"date":"2023-01-12T11:34:27","date_gmt":"2023-01-12T10:34:27","guid":{"rendered":"http:\/\/www.mcm.local\/?page_id=222"},"modified":"2023-03-27T11:36:22","modified_gmt":"2023-03-27T09:36:22","slug":"personnalisations","status":"publish","type":"page","link":"https:\/\/www.mcmtaps.it\/fr\/personnalisations\/","title":{"rendered":"Personnalisations"},"content":{"rendered":"","protected":false},"excerpt":{"rendered":"","protected":false},"author":1,"featured_media":0,"parent":0,"menu_order":0,"comment_status":"closed","ping_status":"closed","template":"template-personalizzazioni.php","meta":{"_acf_changed":false,"footnotes":""},"class_list":["post-222","page","type-page","status-publish","hentry"],"acf":[],"yoast_head":"<!-- This site is optimized with the Yoast SEO plugin v27.2 - https:\/\/yoast.com\/product\/yoast-seo-wordpress\/ -->\n<title>MCM Robinets | Personnalisations<\/title>\n<meta name=\"description\" content=\"Gr\u00e2ce \u00e0 sa grande flexibilit\u00e9 de fabrication, MCM r\u00e9pond aux demandes de personnalisation des robinets de ses clients dans le monde entier.\" \/>\n<meta name=\"robots\" content=\"noindex, follow, max-snippet:-1, max-image-preview:large, max-video-preview:-1\" \/>\n<meta property=\"og:locale\" content=\"fr_FR\" \/>\n<meta property=\"og:type\" content=\"article\" \/>\n<meta property=\"og:title\" content=\"MCM Robinets | Personnalisations\" \/>\n<meta property=\"og:description\" content=\"Gr\u00e2ce \u00e0 sa grande flexibilit\u00e9 de fabrication, MCM r\u00e9pond aux demandes de personnalisation des robinets de ses clients dans le monde entier.\" \/>\n<meta property=\"og:url\" content=\"https:\/\/www.mcmtaps.it\/fr\/personnalisations\/\" \/>\n<meta property=\"og:site_name\" content=\"MCM Rubinetterie | FR\" \/>\n<meta property=\"article:modified_time\" content=\"2023-03-27T09:36:22+00:00\" \/>\n<meta name=\"twitter:card\" content=\"summary_large_image\" \/>\n<script type=\"application\/ld+json\" class=\"yoast-schema-graph\">{\"@context\":\"https:\/\/schema.org\",\"@graph\":[{\"@type\":\"WebPage\",\"@id\":\"https:\/\/www.mcmtaps.it\/fr\/personnalisations\/\",\"url\":\"https:\/\/www.mcmtaps.it\/fr\/personnalisations\/\",\"name\":\"MCM Robinets | Personnalisations\",\"isPartOf\":{\"@id\":\"https:\/\/www.mcmtaps.it\/fr\/#website\"},\"datePublished\":\"2023-01-12T10:34:27+00:00\",\"dateModified\":\"2023-03-27T09:36:22+00:00\",\"description\":\"Gr\u00e2ce \u00e0 sa grande flexibilit\u00e9 de fabrication, MCM r\u00e9pond aux demandes de personnalisation des robinets de ses clients dans le monde entier.\",\"breadcrumb\":{\"@id\":\"https:\/\/www.mcmtaps.it\/fr\/personnalisations\/#breadcrumb\"},\"inLanguage\":\"fr-FR\",\"potentialAction\":[{\"@type\":\"ReadAction\",\"target\":[\"https:\/\/www.mcmtaps.it\/fr\/personnalisations\/\"]}]},{\"@type\":\"BreadcrumbList\",\"@id\":\"https:\/\/www.mcmtaps.it\/fr\/personnalisations\/#breadcrumb\",\"itemListElement\":[{\"@type\":\"ListItem\",\"position\":1,\"name\":\"Home\",\"item\":\"https:\/\/www.mcmtaps.it\/fr\/\"},{\"@type\":\"ListItem\",\"position\":2,\"name\":\"Personnalisations\"}]},{\"@type\":\"WebSite\",\"@id\":\"https:\/\/www.mcmtaps.it\/fr\/#website\",\"url\":\"https:\/\/www.mcmtaps.it\/fr\/\",\"name\":\"MCM Rubinetterie | FR\",\"description\":\"\",\"potentialAction\":[{\"@type\":\"SearchAction\",\"target\":{\"@type\":\"EntryPoint\",\"urlTemplate\":\"https:\/\/www.mcmtaps.it\/fr\/?s={search_term_string}\"},\"query-input\":{\"@type\":\"PropertyValueSpecification\",\"valueRequired\":true,\"valueName\":\"search_term_string\"}}],\"inLanguage\":\"fr-FR\"}]}<\/script>\n<!-- \/ Yoast SEO plugin. -->","yoast_head_json":{"title":"MCM Robinets | Personnalisations","description":"Gr\u00e2ce \u00e0 sa grande flexibilit\u00e9 de fabrication, MCM r\u00e9pond aux demandes de personnalisation des robinets de ses clients dans le monde entier.","robots":{"index":"noindex","follow":"follow","max-snippet":"max-snippet:-1","max-image-preview":"max-image-preview:large","max-video-preview":"max-video-preview:-1"},"og_locale":"fr_FR","og_type":"article","og_title":"MCM Robinets | Personnalisations","og_description":"Gr\u00e2ce \u00e0 sa grande flexibilit\u00e9 de fabrication, MCM r\u00e9pond aux demandes de personnalisation des robinets de ses clients dans le monde entier.","og_url":"https:\/\/www.mcmtaps.it\/fr\/personnalisations\/","og_site_name":"MCM Rubinetterie | FR","article_modified_time":"2023-03-27T09:36:22+00:00","twitter_card":"summary_large_image","schema":{"@context":"https:\/\/schema.org","@graph":[{"@type":"WebPage","@id":"https:\/\/www.mcmtaps.it\/fr\/personnalisations\/","url":"https:\/\/www.mcmtaps.it\/fr\/personnalisations\/","name":"MCM Robinets | Personnalisations","isPartOf":{"@id":"https:\/\/www.mcmtaps.it\/fr\/#website"},"datePublished":"2023-01-12T10:34:27+00:00","dateModified":"2023-03-27T09:36:22+00:00","description":"Gr\u00e2ce \u00e0 sa grande flexibilit\u00e9 de fabrication, MCM r\u00e9pond aux demandes de personnalisation des robinets de ses clients dans le monde entier.","breadcrumb":{"@id":"https:\/\/www.mcmtaps.it\/fr\/personnalisations\/#breadcrumb"},"inLanguage":"fr-FR","potentialAction":[{"@type":"ReadAction","target":["https:\/\/www.mcmtaps.it\/fr\/personnalisations\/"]}]},{"@type":"BreadcrumbList","@id":"https:\/\/www.mcmtaps.it\/fr\/personnalisations\/#breadcrumb","itemListElement":[{"@type":"ListItem","position":1,"name":"Home","item":"https:\/\/www.mcmtaps.it\/fr\/"},{"@type":"ListItem","position":2,"name":"Personnalisations"}]},{"@type":"WebSite","@id":"https:\/\/www.mcmtaps.it\/fr\/#website","url":"https:\/\/www.mcmtaps.it\/fr\/","name":"MCM Rubinetterie | FR","description":"","potentialAction":[{"@type":"SearchAction","target":{"@type":"EntryPoint","urlTemplate":"https:\/\/www.mcmtaps.it\/fr\/?s={search_term_string}"},"query-input":{"@type":"PropertyValueSpecification","valueRequired":true,"valueName":"search_term_string"}}],"inLanguage":"fr-FR"}]}},"_links":{"self":[{"href":"https:\/\/www.mcmtaps.it\/fr\/wp-json\/wp\/v2\/pages\/222","targetHints":{"allow":["GET"]}}],"collection":[{"href":"https:\/\/www.mcmtaps.it\/fr\/wp-json\/wp\/v2\/pages"}],"about":[{"href":"https:\/\/www.mcmtaps.it\/fr\/wp-json\/wp\/v2\/types\/page"}],"author":[{"embeddable":true,"href":"https:\/\/www.mcmtaps.it\/fr\/wp-json\/wp\/v2\/users\/1"}],"replies":[{"embeddable":true,"href":"https:\/\/www.mcmtaps.it\/fr\/wp-json\/wp\/v2\/comments?post=222"}],"version-history":[{"count":13,"href":"https:\/\/www.mcmtaps.it\/fr\/wp-json\/wp\/v2\/pages\/222\/revisions"}],"predecessor-version":[{"id":2614,"href":"https:\/\/www.mcmtaps.it\/fr\/wp-json\/wp\/v2\/pages\/222\/revisions\/2614"}],"wp:attachment":[{"href":"https:\/\/www.mcmtaps.it\/fr\/wp-json\/wp\/v2\/media?parent=222"}],"curies":[{"name":"wp","href":"https:\/\/api.w.org\/{rel}","templated":true}]}}