{"id":2180,"date":"2023-03-03T10:58:12","date_gmt":"2023-03-03T09:58:12","guid":{"rendered":"https:\/\/www.mcmtaps.it\/fr\/?page_id=2180"},"modified":"2023-03-09T14:42:47","modified_gmt":"2023-03-09T13:42:47","slug":"abonnement-a-la-newsletter","status":"publish","type":"page","link":"https:\/\/www.mcmtaps.it\/fr\/abonnement-a-la-newsletter\/","title":{"rendered":"Abonnement \u00e0 la newsletter"},"content":{"rendered":"<div class=\"text-center mt-5 mb-5\">\n<h2 class=\"mb-2 mb-md-3\">Merci de vous \u00eatre abonn\u00e9 \u00e0 notre newsletter<\/h2>\n<div class=\"box-button mt-3\"><a class=\"btn-base btn-dark hvr-sweep-to-right\" href=\"\/fr\/\">PR\u00c9C\u00c9DENT<\/a><\/div>\n<\/div>\n","protected":false},"excerpt":{"rendered":"<p>Merci de vous \u00eatre abonn\u00e9 \u00e0 notre newsletter PR\u00c9C\u00c9DENT<\/p>\n","protected":false},"author":1,"featured_media":0,"parent":0,"menu_order":95,"comment_status":"closed","ping_status":"closed","template":"template-credits.php","meta":{"_acf_changed":false,"footnotes":""},"class_list":["post-2180","page","type-page","status-publish","hentry"],"acf":[],"yoast_head":"<!-- This site is optimized with the Yoast SEO plugin v27.2 - https:\/\/yoast.com\/product\/yoast-seo-wordpress\/ -->\n<title>Abonnement \u00e0 la newsletter - MCM Rubinetterie | FR<\/title>\n<meta name=\"robots\" content=\"noindex, follow, max-snippet:-1, max-image-preview:large, max-video-preview:-1\" \/>\n<meta property=\"og:locale\" content=\"fr_FR\" \/>\n<meta property=\"og:type\" content=\"article\" \/>\n<meta property=\"og:title\" content=\"Abonnement \u00e0 la newsletter - MCM Rubinetterie | FR\" \/>\n<meta property=\"og:description\" content=\"Merci de vous \u00eatre abonn\u00e9 \u00e0 notre newsletter PR\u00c9C\u00c9DENT\" \/>\n<meta property=\"og:url\" content=\"https:\/\/www.mcmtaps.it\/fr\/abonnement-a-la-newsletter\/\" \/>\n<meta property=\"og:site_name\" content=\"MCM Rubinetterie | FR\" \/>\n<meta property=\"article:modified_time\" content=\"2023-03-09T13:42:47+00:00\" \/>\n<meta name=\"twitter:card\" content=\"summary_large_image\" \/>\n<meta name=\"twitter:label1\" content=\"Dur\u00e9e de lecture estim\u00e9e\" \/>\n\t<meta name=\"twitter:data1\" content=\"1 minute\" \/>\n<script type=\"application\/ld+json\" class=\"yoast-schema-graph\">{\"@context\":\"https:\/\/schema.org\",\"@graph\":[{\"@type\":\"WebPage\",\"@id\":\"https:\/\/www.mcmtaps.it\/fr\/abonnement-a-la-newsletter\/\",\"url\":\"https:\/\/www.mcmtaps.it\/fr\/abonnement-a-la-newsletter\/\",\"name\":\"Abonnement \u00e0 la newsletter - MCM Rubinetterie | FR\",\"isPartOf\":{\"@id\":\"https:\/\/www.mcmtaps.it\/fr\/#website\"},\"datePublished\":\"2023-03-03T09:58:12+00:00\",\"dateModified\":\"2023-03-09T13:42:47+00:00\",\"breadcrumb\":{\"@id\":\"https:\/\/www.mcmtaps.it\/fr\/abonnement-a-la-newsletter\/#breadcrumb\"},\"inLanguage\":\"fr-FR\",\"potentialAction\":[{\"@type\":\"ReadAction\",\"target\":[\"https:\/\/www.mcmtaps.it\/fr\/abonnement-a-la-newsletter\/\"]}]},{\"@type\":\"BreadcrumbList\",\"@id\":\"https:\/\/www.mcmtaps.it\/fr\/abonnement-a-la-newsletter\/#breadcrumb\",\"itemListElement\":[{\"@type\":\"ListItem\",\"position\":1,\"name\":\"Home\",\"item\":\"https:\/\/www.mcmtaps.it\/fr\/\"},{\"@type\":\"ListItem\",\"position\":2,\"name\":\"Abonnement \u00e0 la newsletter\"}]},{\"@type\":\"WebSite\",\"@id\":\"https:\/\/www.mcmtaps.it\/fr\/#website\",\"url\":\"https:\/\/www.mcmtaps.it\/fr\/\",\"name\":\"MCM Rubinetterie | FR\",\"description\":\"\",\"potentialAction\":[{\"@type\":\"SearchAction\",\"target\":{\"@type\":\"EntryPoint\",\"urlTemplate\":\"https:\/\/www.mcmtaps.it\/fr\/?s={search_term_string}\"},\"query-input\":{\"@type\":\"PropertyValueSpecification\",\"valueRequired\":true,\"valueName\":\"search_term_string\"}}],\"inLanguage\":\"fr-FR\"}]}<\/script>\n<!-- \/ Yoast SEO plugin. -->","yoast_head_json":{"title":"Abonnement \u00e0 la newsletter - MCM Rubinetterie | FR","robots":{"index":"noindex","follow":"follow","max-snippet":"max-snippet:-1","max-image-preview":"max-image-preview:large","max-video-preview":"max-video-preview:-1"},"og_locale":"fr_FR","og_type":"article","og_title":"Abonnement \u00e0 la newsletter - MCM Rubinetterie | FR","og_description":"Merci de vous \u00eatre abonn\u00e9 \u00e0 notre newsletter PR\u00c9C\u00c9DENT","og_url":"https:\/\/www.mcmtaps.it\/fr\/abonnement-a-la-newsletter\/","og_site_name":"MCM Rubinetterie | FR","article_modified_time":"2023-03-09T13:42:47+00:00","twitter_card":"summary_large_image","twitter_misc":{"Dur\u00e9e de lecture estim\u00e9e":"1 minute"},"schema":{"@context":"https:\/\/schema.org","@graph":[{"@type":"WebPage","@id":"https:\/\/www.mcmtaps.it\/fr\/abonnement-a-la-newsletter\/","url":"https:\/\/www.mcmtaps.it\/fr\/abonnement-a-la-newsletter\/","name":"Abonnement \u00e0 la newsletter - MCM Rubinetterie | FR","isPartOf":{"@id":"https:\/\/www.mcmtaps.it\/fr\/#website"},"datePublished":"2023-03-03T09:58:12+00:00","dateModified":"2023-03-09T13:42:47+00:00","breadcrumb":{"@id":"https:\/\/www.mcmtaps.it\/fr\/abonnement-a-la-newsletter\/#breadcrumb"},"inLanguage":"fr-FR","potentialAction":[{"@type":"ReadAction","target":["https:\/\/www.mcmtaps.it\/fr\/abonnement-a-la-newsletter\/"]}]},{"@type":"BreadcrumbList","@id":"https:\/\/www.mcmtaps.it\/fr\/abonnement-a-la-newsletter\/#breadcrumb","itemListElement":[{"@type":"ListItem","position":1,"name":"Home","item":"https:\/\/www.mcmtaps.it\/fr\/"},{"@type":"ListItem","position":2,"name":"Abonnement \u00e0 la newsletter"}]},{"@type":"WebSite","@id":"https:\/\/www.mcmtaps.it\/fr\/#website","url":"https:\/\/www.mcmtaps.it\/fr\/","name":"MCM Rubinetterie | FR","description":"","potentialAction":[{"@type":"SearchAction","target":{"@type":"EntryPoint","urlTemplate":"https:\/\/www.mcmtaps.it\/fr\/?s={search_term_string}"},"query-input":{"@type":"PropertyValueSpecification","valueRequired":true,"valueName":"search_term_string"}}],"inLanguage":"fr-FR"}]}},"_links":{"self":[{"href":"https:\/\/www.mcmtaps.it\/fr\/wp-json\/wp\/v2\/pages\/2180","targetHints":{"allow":["GET"]}}],"collection":[{"href":"https:\/\/www.mcmtaps.it\/fr\/wp-json\/wp\/v2\/pages"}],"about":[{"href":"https:\/\/www.mcmtaps.it\/fr\/wp-json\/wp\/v2\/types\/page"}],"author":[{"embeddable":true,"href":"https:\/\/www.mcmtaps.it\/fr\/wp-json\/wp\/v2\/users\/1"}],"replies":[{"embeddable":true,"href":"https:\/\/www.mcmtaps.it\/fr\/wp-json\/wp\/v2\/comments?post=2180"}],"version-history":[{"count":3,"href":"https:\/\/www.mcmtaps.it\/fr\/wp-json\/wp\/v2\/pages\/2180\/revisions"}],"predecessor-version":[{"id":2432,"href":"https:\/\/www.mcmtaps.it\/fr\/wp-json\/wp\/v2\/pages\/2180\/revisions\/2432"}],"wp:attachment":[{"href":"https:\/\/www.mcmtaps.it\/fr\/wp-json\/wp\/v2\/media?parent=2180"}],"curies":[{"name":"wp","href":"https:\/\/api.w.org\/{rel}","templated":true}]}}